{"id":599,"date":"2021-10-19T23:47:25","date_gmt":"2021-10-19T21:47:25","guid":{"rendered":"https:\/\/center.iobeya.com\/?page_id=599"},"modified":"2025-01-24T12:04:08","modified_gmt":"2025-01-24T11:04:08","slug":"support","status":"publish","type":"page","link":"https:\/\/center.iobeya.com\/fr\/support\/","title":{"rendered":"Aide"},"content":{"rendered":"<div class=\"vce-row-container\" data-vce-boxed-width=\"true\"><div class=\"vce-row vce-row--col-gap-30 vce-row-equal-height vce-row-content--top\" id=\"el-bedc18f2\" data-vce-do-apply=\"all el-bedc18f2\"><div class=\"vce-row-content\" data-vce-element-content=\"true\"><div class=\"vce-col vce-col--md-auto vce-col--xs-1 vce-col--xs-last vce-col--xs-first vce-col--sm-last vce-col--sm-first vce-col--md-last vce-col--lg-last vce-col--xl-last vce-col--md-first vce-col--lg-first vce-col--xl-first\" id=\"el-30979ffb\"><div class=\"vce-col-inner\" data-vce-do-apply=\"border margin background  el-30979ffb\"><div class=\"vce-col-content\" data-vce-element-content=\"true\" data-vce-do-apply=\"padding el-30979ffb\"><div class=\"vce-shortcode link-breadcrumb\"><div class=\"vce-shortcode-wrapper vce\" id=\"el-5b1a9bac\" data-vce-do-apply=\"all el-5b1a9bac\"><span><span><a href=\"https:\/\/center.iobeya.com\/fr\/\">Home<\/a><\/span><\/span><\/div><\/div><\/div><\/div><\/div><\/div><\/div><\/div><div class=\"vce-row-container\" data-vce-boxed-width=\"true\"><div class=\"vce-row vce-row--col-gap-30 vce-row-equal-height vce-row-content--top\" id=\"el-d329f877\" data-vce-do-apply=\"all el-d329f877\"><div class=\"vce-row-content\" data-vce-element-content=\"true\"><div class=\"vce-col vce-col--md-auto vce-col--xs-1 vce-col--xs-last vce-col--xs-first vce-col--sm-last vce-col--sm-first vce-col--md-last vce-col--lg-last vce-col--xl-last vce-col--md-first vce-col--lg-first vce-col--xl-first support-text\" id=\"el-b8d49ab6\"><div class=\"vce-col-inner\" data-vce-do-apply=\"border margin background  el-b8d49ab6\" id=\"header-page\"><div class=\"vce-col-content\" data-vce-element-content=\"true\" data-vce-do-apply=\"padding el-b8d49ab6\"><div class=\"vce-text-block title-page\"><div class=\"vce-text-block-wrapper vce\" id=\"el-9962970e\" data-vce-do-apply=\"all el-9962970e\"><h1>Support<\/h1><\/div><\/div><div class=\"vce-text-block\"><div class=\"vce-text-block-wrapper vce\" id=\"el-bea005d6\" data-vce-do-apply=\"all el-bea005d6\"><p>Vous avez une question ? Nous avons la r\u00e9ponse.<br>Si vous n'avez pas trouv\u00e9 les informations que vous cherchez dans nos documentations et nos ressources, l'\u00e9quipe Support iObeya est l\u00e0 pour vous aider !<\/p><\/div><\/div><div class=\"vce-shortcode\"><div class=\"vce-shortcode-wrapper vce\" id=\"el-b1f45146\" data-vce-do-apply=\"all el-b1f45146\">    <div class=\"filter_section\">\n        <input type=\"text\" name=\"filter_input\" class=\"filter_input\" placeholder=\"Search for any issue...\">\n    <\/div>\n    <div class=\"filter_result_section\">\n\n    <\/div>\n\n\n    <\/div><\/div><\/div><\/div><\/div><\/div><\/div><\/div><div class=\"vce-row-container\" data-vce-boxed-width=\"true\"><div class=\"vce-row vce-row--col-gap-30 vce-row-equal-height vce-row-content--top\" id=\"el-2b83f801\" data-vce-do-apply=\"all el-2b83f801\"><div class=\"vce-row-content\" data-vce-element-content=\"true\"><div class=\"vce-col vce-col--md-auto vce-col--xs-1 vce-col--xs-last vce-col--xs-first vce-col--sm-last vce-col--sm-first vce-col--md-last vce-col--lg-last vce-col--xl-last vce-col--md-first vce-col--lg-first vce-col--xl-first\" id=\"el-f67e4155\"><div class=\"vce-col-inner\" data-vce-do-apply=\"border margin background  el-f67e4155\"><div class=\"vce-col-content\" data-vce-element-content=\"true\" data-vce-do-apply=\"padding el-f67e4155\"><div class=\"vce-row-container\" data-vce-boxed-width=\"true\"><div class=\"vce-row vce-row--col-gap-30 vce-row-equal-height vce-row-content--top\" id=\"el-0c0bd8eb\" data-vce-do-apply=\"all el-0c0bd8eb\"><div class=\"vce-row-content\" data-vce-element-content=\"true\"><div class=\"vce-col vce-col--md-auto vce-col--xs-1 vce-col--xs-last vce-col--xs-first vce-col--sm-last vce-col--sm-first vce-col--md-first vce-col--lg-first vce-col--xl-first faq-bloc\" id=\"el-e61e7714\"><div class=\"vce-col-inner\" data-vce-do-apply=\"border margin background  el-e61e7714\"><div class=\"vce-col-content\" data-vce-element-content=\"true\" data-vce-do-apply=\"padding el-e61e7714\"><div class=\"vce-single-image-container support-img vce-single-image--align-center\"><div class=\"vce vce-single-image-wrapper\" id=\"el-9f1058f1\" data-vce-do-apply=\"all el-9f1058f1\"><figure><div class=\"vce-single-image-figure-inner\" style=\"width: 1024px;\"><div class=\"vce-single-image-inner vce-single-image--absolute vce-single-image--border-rounded\" style=\"width: 100%; padding-bottom: 56.1523%;\"><img loading=\"lazy\" decoding=\"async\" class=\"vce-single-image\"  width=\"1024\" height=\"575\" srcset=\"https:\/\/center.iobeya.com\/wp-content\/uploads\/2022\/03\/image-faq@2x-1024x576.jpg 1024w, https:\/\/center.iobeya.com\/wp-content\/uploads\/2025\/01\/image-faq@2x-320x180.jpg 320w, https:\/\/center.iobeya.com\/wp-content\/uploads\/2025\/01\/image-faq@2x-480x270.jpg 480w, https:\/\/center.iobeya.com\/wp-content\/uploads\/2025\/01\/image-faq@2x-800x449.jpg 800w\" src=\"https:\/\/center.iobeya.com\/wp-content\/uploads\/2022\/03\/image-faq@2x-1024x576.jpg\" data-img-src=\"https:\/\/center.iobeya.com\/wp-content\/uploads\/2022\/03\/image-faq@2x.jpg\" data-attachment-id=\"4340\"  alt=\"\" title=\"image-faq@2x\" \/><\/div><\/div><figcaption hidden=\"\"><\/figcaption><\/figure><\/div><\/div><div class=\"vce-text-block\"><div class=\"vce-text-block-wrapper vce\" id=\"el-ebb81316\" data-vce-do-apply=\"all el-ebb81316\"><h2><a href=\"\/fr\/support\/faq\/\">FAQ<\/a><\/h2><p>Trouvez les r\u00e9ponses \u00e0 vos questions en un clic.<\/p><\/div><\/div><div class=\"vce-text-block supp-links\"><div class=\"vce-text-block-wrapper vce\" id=\"el-48277081\" data-vce-do-apply=\"all el-48277081\"><p><a href=\"\/fr\/faq\/jai-supprime-un-tableau-par-erreur-que-puis-je-faire\/\">J'ai supprim\u00e9 un tableau par erreur, que puis-je faire ?<\/a><\/p><\/div><\/div><div class=\"vce-text-block support_tags_bloc\"><div class=\"vce-text-block-wrapper vce\" id=\"el-45234819\" data-vce-do-apply=\"all el-45234819\"><span>Application<\/span><\/div><\/div><div class=\"vce-text-block supp-links\"><div class=\"vce-text-block-wrapper vce\" id=\"el-489331a9\" data-vce-do-apply=\"all el-489331a9\"><p><a href=\"\/fr\/faq\/mobile-puis-je-naviguer-vers-mes-tableaux-a-laide-de-lapplication-mobile\/\">Puis-je naviguer vers mes tableaux \u00e0 l'aide de l'application mobile ?<\/a><\/p><\/div><\/div><div class=\"vce-text-block support_tags_bloc\"><div class=\"vce-text-block-wrapper vce\" id=\"el-ac3e2487\" data-vce-do-apply=\"all el-ac3e2487\"><span>Mobile<\/span><\/div><\/div><div class=\"vce-text-block supp-links\"><div class=\"vce-text-block-wrapper vce\" id=\"el-dedd6601\" data-vce-do-apply=\"all el-dedd6601\"><p><a href=\"\/fr\/faq\/jai-installe-lapplication-iobeya-dans-microsoft-teams-mais-je-narrive-pas-a-configurer-mon-instance\/\">J'ai install\u00e9 l'application iObeya dans Microsoft Teams mais je n'arrive pas \u00e0 configurer mon instance<\/a><\/p><\/div><\/div><div class=\"vce-text-block support_tags_bloc\"><div class=\"vce-text-block-wrapper vce\" id=\"el-5d3ddbd8\" data-vce-do-apply=\"all el-5d3ddbd8\"><span>Application<\/span><\/div><\/div><div class=\"vce-text-block faq-link\"><div class=\"vce-text-block-wrapper vce\" id=\"el-833d663b\" data-vce-do-apply=\"all el-833d663b\"><p><a href=\"https:\/\/center.iobeya.com\/fr\/support\/faq\/\">Voir toutes les FAQ<\/a><\/p><\/div><\/div><\/div><\/div><\/div><div class=\"vce-col vce-col--md-auto vce-col--xs-1 vce-col--xs-last vce-col--xs-first vce-col--sm-last vce-col--sm-first vce-col--md-last vce-col--lg-last vce-col--xl-last faq-bloc trouble-bloc\" id=\"el-771129d4\"><div class=\"vce-col-inner\" data-vce-do-apply=\"border margin background  el-771129d4\"><div class=\"vce-col-content\" data-vce-element-content=\"true\" data-vce-do-apply=\"padding el-771129d4\"><div class=\"vce-single-image-container support-img vce-single-image--align-center\"><div class=\"vce vce-single-image-wrapper\" id=\"el-d0451343\" data-vce-do-apply=\"all el-d0451343\"><figure><div class=\"vce-single-image-figure-inner\" style=\"width: 1024px;\"><div class=\"vce-single-image-inner vce-single-image--absolute vce-single-image--border-rounded\" style=\"width: 100%; padding-bottom: 56.1523%;\"><img loading=\"lazy\" decoding=\"async\" class=\"vce-single-image\"  width=\"1024\" height=\"575\" srcset=\"https:\/\/center.iobeya.com\/wp-content\/uploads\/2022\/03\/image-troubleshooting@2x-1024x576.jpg 1024w, https:\/\/center.iobeya.com\/wp-content\/uploads\/2025\/01\/image-troubleshooting@2x-320x180.jpg 320w, https:\/\/center.iobeya.com\/wp-content\/uploads\/2025\/01\/image-troubleshooting@2x-480x270.jpg 480w, https:\/\/center.iobeya.com\/wp-content\/uploads\/2025\/01\/image-troubleshooting@2x-800x449.jpg 800w\" src=\"https:\/\/center.iobeya.com\/wp-content\/uploads\/2022\/03\/image-troubleshooting@2x-1024x576.jpg\" data-img-src=\"https:\/\/center.iobeya.com\/wp-content\/uploads\/2022\/03\/image-troubleshooting@2x.jpg\" data-attachment-id=\"4334\"  alt=\"\" title=\"image-troubleshooting@2x\" \/><\/div><\/div><figcaption hidden=\"\"><\/figcaption><\/figure><\/div><\/div><div class=\"vce-text-block\"><div class=\"vce-text-block-wrapper vce\" id=\"el-019c66de\" data-vce-do-apply=\"all el-019c66de\"><h2><a href=\"\/fr\/support\/assistance\/\" data-wplink-edit=\"true\">Aide technique<\/a><\/h2>\n<p>R\u00e9solvez les probl\u00e8mes li\u00e9s aux messages d'erreur dans iObeya.<\/p><\/div><\/div><div class=\"vce-text-block supp-links\"><div class=\"vce-text-block-wrapper vce\" id=\"el-68ffbfdd\" data-vce-do-apply=\"all el-68ffbfdd\"><a href=\"\/fr\/troubleshooting\/les-limites-de-domaines-et-de-salles-ne-changent-pas-apres-la-mise-a-jour-de-la-licence\/\">Les limites de domaines et de salles ne changent pas apr\u00e8s la mise \u00e0 jour de la licence<\/a><\/div><\/div><div class=\"vce-text-block support_tags_bloc\"><div class=\"vce-text-block-wrapper vce\" id=\"el-4125b782\" data-vce-do-apply=\"all el-4125b782\"><span>Administration<\/span><\/div><\/div><div class=\"vce-text-block supp-links\"><div class=\"vce-text-block-wrapper vce\" id=\"el-bdadd159\" data-vce-do-apply=\"all el-bdadd159\"><a href=\"\/fr\/troubleshooting\/les-captures-decran-ne-sont-plus-mises-a-jour\/\">Les captures d'\u00e9cran ne sont plus mises \u00e0 jour.<\/a><\/div><\/div><div class=\"vce-text-block support_tags_bloc\"><div class=\"vce-text-block-wrapper vce\" id=\"el-ae6fae46\" data-vce-do-apply=\"all el-ae6fae46\"><span>Application<\/span><\/div><\/div><div class=\"vce-text-block supp-links\"><div class=\"vce-text-block-wrapper vce\" id=\"el-e05ec4b1\" data-vce-do-apply=\"all el-e05ec4b1\"><a href=\"\/fr\/troubleshooting\/les-traductions-affichees-dans-lapplication-iobeya-ne-sont-pas-coherentes\/\">Les traductions affich\u00e9es dans l\u2019application iObeya ne sont pas coh\u00e9rentes<\/a><\/div><\/div><div class=\"vce-text-block support_tags_bloc\"><div class=\"vce-text-block-wrapper vce\" id=\"el-0786e786\" data-vce-do-apply=\"all el-0786e786\"><span>Application<\/span><\/div><\/div><div class=\"vce-text-block faq-link\"><div class=\"vce-text-block-wrapper vce\" id=\"el-e4de57f5\" data-vce-do-apply=\"all el-e4de57f5\"><p><a href=\"https:\/\/center.iobeya.com\/fr\/support\/assistance\/\">Voir tous les d\u00e9pannages<\/a><\/p><\/div><\/div><\/div><\/div><\/div><\/div><\/div><\/div><\/div><\/div><\/div><\/div><\/div><\/div><div class=\"vce-row-container\" data-vce-boxed-width=\"true\"><div class=\"vce-row vce-row--col-gap-30 vce-row-equal-height vce-row-content--top\" id=\"el-aaf35e96\" data-vce-do-apply=\"all el-aaf35e96\"><div class=\"vce-row-content\" data-vce-element-content=\"true\"><div class=\"vce-col vce-col--md-auto vce-col--xs-1 vce-col--xs-last vce-col--xs-first vce-col--sm-last vce-col--sm-first vce-col--md-first vce-col--lg-first vce-col--xl-first bugs-bloc\" id=\"el-18bd024a\"><div class=\"vce-col-inner\" data-vce-do-apply=\"border margin background  el-18bd024a\"><div class=\"vce-col-content\" data-vce-element-content=\"true\" data-vce-do-apply=\"padding el-18bd024a\"><div class=\"vce-text-block\"><div class=\"vce-text-block-wrapper vce\" id=\"el-dbbb2265\" data-vce-do-apply=\"all el-dbbb2265\"><h3>Bugs et am\u00e9liorations<\/h3><p>Vous souhaitez signaler un bug ou demander une am\u00e9lioration, voici tous les d\u00e9tails dont vous avez besoin pour faire votre demande.<\/p><\/div><\/div><div class=\"vce-text-block bugs-link\"><div class=\"vce-text-block-wrapper vce\" id=\"el-1037e5f1\" data-vce-do-apply=\"all el-1037e5f1\"><p><a href=\"https:\/\/center.iobeya.com\/fr\/faq\/je-pense-avoir-trouve-un-bug-dans-iobeya-pouvez-vous-maider\/\">Je pense avoir trouv\u00e9 un bug dans iObeya, pouvez-vous m'aider ?<\/a><\/p><\/div><\/div><div class=\"vce-text-block bugs-link\"><div class=\"vce-text-block-wrapper vce\" id=\"el-d9d08d87\" data-vce-do-apply=\"all el-d9d08d87\"><p><a href=\"https:\/\/center.iobeya.com\/fr\/faq\/je-veux-demander-une-amelioration-mais-je-ne-sais-pas-du-tout-comment-faire\/\">Je veux demander une am\u00e9lioration, mais je n'ai aucune id\u00e9e de comment faire?<\/a><\/p><\/div><\/div><\/div><\/div><\/div><div class=\"vce-col vce-col--md-auto vce-col--xs-1 vce-col--xs-last vce-col--xs-first vce-col--sm-last vce-col--sm-first vce-col--md-last vce-col--lg-last vce-col--xl-last contact-bloc\" id=\"el-cff96f57\"><div class=\"vce-col-inner\" data-vce-do-apply=\"border margin background  el-cff96f57\"><div class=\"vce-col-content\" data-vce-element-content=\"true\" data-vce-do-apply=\"padding el-cff96f57\"><div class=\"vce-text-block\"><div class=\"vce-text-block-wrapper vce\" id=\"el-6e87c975\" data-vce-do-apply=\"all el-6e87c975\"><h3>Contactez-nous<\/h3><\/div><\/div><div class=\"vce-text-block\"><div class=\"vce-text-block-wrapper vce\" id=\"el-b8d9c2f0\" data-vce-do-apply=\"all el-b8d9c2f0\"><h4>Par email<\/h4><p>Vous rencontrez des probl\u00e8mes dans iObeya auxquels vous ne trouvez pas de r\u00e9ponse ? <a href=\"https:\/\/www.iobeya.com\/fr\/support\/\">Contactez notre \u00e9quipe de super h\u00e9ros du Support<\/a>.<\/p><p>&nbsp;<\/p><p>Si vous avez des questions concernant l'utilisation des APIs iObeya, contactez nous directement via <a href=\"mailto:integrations-support@iobeya.com\" target=\"_blank\" rel=\"noopener\">integrations-support@iobeya.com<\/a>.<\/p><\/div><\/div><div class=\"vce-text-block\"><div class=\"vce-text-block-wrapper vce\" id=\"el-bee2f19f\" data-vce-do-apply=\"all el-bee2f19f\"><h4>Par t\u00e9l\u00e9phone<\/h4><p>Du lundi au vendredi de 9:00 \u00e0 18:00 CET,<br>au <a class=\"phone-text\" href=\"tel:+33 1 60 13 77 39\">+33 1 60 13 77 39<\/a><\/p><\/div><\/div><\/div><\/div><\/div><\/div><\/div><\/div>\n","protected":false},"excerpt":{"rendered":"<p>SupportVous avez une question ? Nous avons la r\u00e9ponse.Si vous n&rsquo;avez pas trouv\u00e9 les informations que vous cherchez dans nos documentations et nos ressources, l&rsquo;\u00e9quipe Support iObeya est l\u00e0 pour vous aider !FAQTrouvez les r\u00e9ponses \u00e0 vos questions en un clic.J&rsquo;ai supprim\u00e9 un tableau par erreur, que puis-je faire ?ApplicationPuis-je naviguer vers mes tableaux \u00e0 [&hellip;]<\/p>\n","protected":false},"author":1,"featured_media":0,"parent":0,"menu_order":0,"comment_status":"closed","ping_status":"closed","template":"","meta":{"inline_featured_image":false,"__cvm_playback_settings":[],"__cvm_video_id":"","iawp_total_views":1209,"footnotes":""},"class_list":["post-599","page","type-page","status-publish","hentry"],"yoast_head":"<!-- This site is optimized with the Yoast SEO plugin v21.5 - https:\/\/yoast.com\/wordpress\/plugins\/seo\/ -->\n<title>Aide - Resource Center<\/title>\n<meta name=\"robots\" content=\"index, follow, max-snippet:-1, max-image-preview:large, max-video-preview:-1\" \/>\n<link rel=\"canonical\" href=\"https:\/\/center.iobeya.com\/fr\/support\/\" \/>\n<meta property=\"og:locale\" content=\"fr_FR\" \/>\n<meta property=\"og:type\" content=\"article\" \/>\n<meta property=\"og:title\" content=\"Aide - Resource Center\" \/>\n<meta property=\"og:description\" content=\"SupportVous avez une question ? Nous avons la r\u00e9ponse.Si vous n&#039;avez pas trouv\u00e9 les informations que vous cherchez dans nos documentations et nos ressources, l&#039;\u00e9quipe Support iObeya est l\u00e0 pour vous aider !FAQTrouvez les r\u00e9ponses \u00e0 vos questions en un clic.J&#039;ai supprim\u00e9 un tableau par erreur, que puis-je faire ?ApplicationPuis-je naviguer vers mes tableaux \u00e0 [&hellip;]\" \/>\n<meta property=\"og:url\" content=\"https:\/\/center.iobeya.com\/fr\/support\/\" \/>\n<meta property=\"og:site_name\" content=\"Resource Center\" \/>\n<meta property=\"article:modified_time\" content=\"2025-01-24T11:04:08+00:00\" \/>\n<meta name=\"twitter:card\" content=\"summary_large_image\" \/>\n<meta name=\"twitter:label1\" content=\"Dur\u00e9e de lecture estim\u00e9e\" \/>\n\t<meta name=\"twitter:data1\" content=\"5 minutes\" \/>\n<script type=\"application\/ld+json\" class=\"yoast-schema-graph\">{\"@context\":\"https:\/\/schema.org\",\"@graph\":[{\"@type\":\"WebPage\",\"@id\":\"https:\/\/center.iobeya.com\/fr\/support\/\",\"url\":\"https:\/\/center.iobeya.com\/fr\/support\/\",\"name\":\"Aide - Resource Center\",\"isPartOf\":{\"@id\":\"https:\/\/center.iobeya.com\/fr\/#website\"},\"datePublished\":\"2021-10-19T21:47:25+00:00\",\"dateModified\":\"2025-01-24T11:04:08+00:00\",\"breadcrumb\":{\"@id\":\"https:\/\/center.iobeya.com\/fr\/support\/#breadcrumb\"},\"inLanguage\":\"fr-FR\",\"potentialAction\":[{\"@type\":\"ReadAction\",\"target\":[\"https:\/\/center.iobeya.com\/fr\/support\/\"]}]},{\"@type\":\"BreadcrumbList\",\"@id\":\"https:\/\/center.iobeya.com\/fr\/support\/#breadcrumb\",\"itemListElement\":[{\"@type\":\"ListItem\",\"position\":1,\"name\":\"Home\",\"item\":\"https:\/\/center.iobeya.com\/fr\/\"},{\"@type\":\"ListItem\",\"position\":2,\"name\":\"Aide\"}]},{\"@type\":\"WebSite\",\"@id\":\"https:\/\/center.iobeya.com\/fr\/#website\",\"url\":\"https:\/\/center.iobeya.com\/fr\/\",\"name\":\"Resource Center\",\"description\":\"\",\"publisher\":{\"@id\":\"https:\/\/center.iobeya.com\/fr\/#organization\"},\"potentialAction\":[{\"@type\":\"SearchAction\",\"target\":{\"@type\":\"EntryPoint\",\"urlTemplate\":\"https:\/\/center.iobeya.com\/fr\/?s={search_term_string}\"},\"query-input\":\"required name=search_term_string\"}],\"inLanguage\":\"fr-FR\"},{\"@type\":\"Organization\",\"@id\":\"https:\/\/center.iobeya.com\/fr\/#organization\",\"name\":\"Resource Center\",\"url\":\"https:\/\/center.iobeya.com\/fr\/\",\"logo\":{\"@type\":\"ImageObject\",\"inLanguage\":\"fr-FR\",\"@id\":\"https:\/\/center.iobeya.com\/fr\/#\/schema\/logo\/image\/\",\"url\":\"https:\/\/center.iobeya.com\/wp-content\/uploads\/2021\/12\/logo-iobeya-rc-black-1@3x-1.png\",\"contentUrl\":\"https:\/\/center.iobeya.com\/wp-content\/uploads\/2021\/12\/logo-iobeya-rc-black-1@3x-1.png\",\"width\":550,\"height\":150,\"caption\":\"Resource Center\"},\"image\":{\"@id\":\"https:\/\/center.iobeya.com\/fr\/#\/schema\/logo\/image\/\"}}]}<\/script>\n<!-- \/ Yoast SEO plugin. -->","yoast_head_json":{"title":"Aide - Resource Center","robots":{"index":"index","follow":"follow","max-snippet":"max-snippet:-1","max-image-preview":"max-image-preview:large","max-video-preview":"max-video-preview:-1"},"canonical":"https:\/\/center.iobeya.com\/fr\/support\/","og_locale":"fr_FR","og_type":"article","og_title":"Aide - Resource Center","og_description":"SupportVous avez une question ? Nous avons la r\u00e9ponse.Si vous n'avez pas trouv\u00e9 les informations que vous cherchez dans nos documentations et nos ressources, l'\u00e9quipe Support iObeya est l\u00e0 pour vous aider !FAQTrouvez les r\u00e9ponses \u00e0 vos questions en un clic.J'ai supprim\u00e9 un tableau par erreur, que puis-je faire ?ApplicationPuis-je naviguer vers mes tableaux \u00e0 [&hellip;]","og_url":"https:\/\/center.iobeya.com\/fr\/support\/","og_site_name":"Resource Center","article_modified_time":"2025-01-24T11:04:08+00:00","twitter_card":"summary_large_image","twitter_misc":{"Dur\u00e9e de lecture estim\u00e9e":"5 minutes"},"schema":{"@context":"https:\/\/schema.org","@graph":[{"@type":"WebPage","@id":"https:\/\/center.iobeya.com\/fr\/support\/","url":"https:\/\/center.iobeya.com\/fr\/support\/","name":"Aide - Resource Center","isPartOf":{"@id":"https:\/\/center.iobeya.com\/fr\/#website"},"datePublished":"2021-10-19T21:47:25+00:00","dateModified":"2025-01-24T11:04:08+00:00","breadcrumb":{"@id":"https:\/\/center.iobeya.com\/fr\/support\/#breadcrumb"},"inLanguage":"fr-FR","potentialAction":[{"@type":"ReadAction","target":["https:\/\/center.iobeya.com\/fr\/support\/"]}]},{"@type":"BreadcrumbList","@id":"https:\/\/center.iobeya.com\/fr\/support\/#breadcrumb","itemListElement":[{"@type":"ListItem","position":1,"name":"Home","item":"https:\/\/center.iobeya.com\/fr\/"},{"@type":"ListItem","position":2,"name":"Aide"}]},{"@type":"WebSite","@id":"https:\/\/center.iobeya.com\/fr\/#website","url":"https:\/\/center.iobeya.com\/fr\/","name":"Resource Center","description":"","publisher":{"@id":"https:\/\/center.iobeya.com\/fr\/#organization"},"potentialAction":[{"@type":"SearchAction","target":{"@type":"EntryPoint","urlTemplate":"https:\/\/center.iobeya.com\/fr\/?s={search_term_string}"},"query-input":"required name=search_term_string"}],"inLanguage":"fr-FR"},{"@type":"Organization","@id":"https:\/\/center.iobeya.com\/fr\/#organization","name":"Resource Center","url":"https:\/\/center.iobeya.com\/fr\/","logo":{"@type":"ImageObject","inLanguage":"fr-FR","@id":"https:\/\/center.iobeya.com\/fr\/#\/schema\/logo\/image\/","url":"https:\/\/center.iobeya.com\/wp-content\/uploads\/2021\/12\/logo-iobeya-rc-black-1@3x-1.png","contentUrl":"https:\/\/center.iobeya.com\/wp-content\/uploads\/2021\/12\/logo-iobeya-rc-black-1@3x-1.png","width":550,"height":150,"caption":"Resource Center"},"image":{"@id":"https:\/\/center.iobeya.com\/fr\/#\/schema\/logo\/image\/"}}]}},"_links":{"self":[{"href":"https:\/\/center.iobeya.com\/fr\/wp-json\/wp\/v2\/pages\/599","targetHints":{"allow":["GET"]}}],"collection":[{"href":"https:\/\/center.iobeya.com\/fr\/wp-json\/wp\/v2\/pages"}],"about":[{"href":"https:\/\/center.iobeya.com\/fr\/wp-json\/wp\/v2\/types\/page"}],"author":[{"embeddable":true,"href":"https:\/\/center.iobeya.com\/fr\/wp-json\/wp\/v2\/users\/1"}],"replies":[{"embeddable":true,"href":"https:\/\/center.iobeya.com\/fr\/wp-json\/wp\/v2\/comments?post=599"}],"version-history":[{"count":45,"href":"https:\/\/center.iobeya.com\/fr\/wp-json\/wp\/v2\/pages\/599\/revisions"}],"predecessor-version":[{"id":15141,"href":"https:\/\/center.iobeya.com\/fr\/wp-json\/wp\/v2\/pages\/599\/revisions\/15141"}],"wp:attachment":[{"href":"https:\/\/center.iobeya.com\/fr\/wp-json\/wp\/v2\/media?parent=599"}],"curies":[{"name":"wp","href":"https:\/\/api.w.org\/{rel}","templated":true}]}}