{"id":591,"date":"2021-10-19T23:43:47","date_gmt":"2021-10-19T21:43:47","guid":{"rendered":"https:\/\/center.iobeya.com\/?page_id=591"},"modified":"2023-02-01T18:50:36","modified_gmt":"2023-02-01T17:50:36","slug":"formations","status":"publish","type":"page","link":"https:\/\/center.iobeya.com\/fr\/formations\/","title":{"rendered":"Formations"},"content":{"rendered":"<p class=\"attachment\"><a href='https:\/\/center.iobeya.com\/wp-content\/uploads\/2023\/05\/masterclass-5-eng.png'><img loading=\"lazy\" decoding=\"async\" width=\"300\" height=\"169\" src=\"https:\/\/center.iobeya.com\/wp-content\/uploads\/2023\/05\/masterclass-5-eng-300x169.png\" class=\"attachment-medium size-medium\" alt=\"\" srcset=\"https:\/\/center.iobeya.com\/wp-content\/uploads\/2023\/05\/masterclass-5-eng-300x169.png 300w, https:\/\/center.iobeya.com\/wp-content\/uploads\/2023\/05\/masterclass-5-eng-1024x576.png 1024w, https:\/\/center.iobeya.com\/wp-content\/uploads\/2023\/05\/masterclass-5-eng-768x432.png 768w, https:\/\/center.iobeya.com\/wp-content\/uploads\/2023\/05\/masterclass-5-eng-320x180.png 320w, https:\/\/center.iobeya.com\/wp-content\/uploads\/2023\/05\/masterclass-5-eng-480x270.png 480w, https:\/\/center.iobeya.com\/wp-content\/uploads\/2023\/05\/masterclass-5-eng-800x450.png 800w, https:\/\/center.iobeya.com\/wp-content\/uploads\/2023\/05\/masterclass-5-eng-588x331.png 588w, https:\/\/center.iobeya.com\/wp-content\/uploads\/2023\/05\/masterclass-5-eng-220x125.png 220w, https:\/\/center.iobeya.com\/wp-content\/uploads\/2023\/05\/masterclass-5-eng-124x70.png 124w, https:\/\/center.iobeya.com\/wp-content\/uploads\/2023\/05\/masterclass-5-eng-1200x675.png 1200w, https:\/\/center.iobeya.com\/wp-content\/uploads\/2023\/05\/masterclass-5-eng.png 1280w\" sizes=\"auto, (max-width: 300px) 100vw, 300px\" \/><\/a><\/p>\n<div class=\"vce-row-container\" data-vce-boxed-width=\"true\"><div class=\"vce-row vce-row--col-gap-30 vce-row-equal-height vce-row-content--top\" id=\"el-325e6ebc\" data-vce-do-apply=\"all el-325e6ebc\"><div class=\"vce-row-content\" data-vce-element-content=\"true\"><div class=\"vce-col vce-col--md-auto vce-col--xs-1 vce-col--xs-last vce-col--xs-first vce-col--sm-last vce-col--sm-first vce-col--md-last vce-col--lg-last vce-col--xl-last vce-col--md-first vce-col--lg-first vce-col--xl-first\" id=\"el-16ecca17\"><div class=\"vce-col-inner\" data-vce-do-apply=\"border margin background  el-16ecca17\"><div class=\"vce-col-content\" data-vce-element-content=\"true\" data-vce-do-apply=\"padding el-16ecca17\"><div class=\"vce-shortcode link-breadcrumb\"><div class=\"vce-shortcode-wrapper vce\" id=\"el-5cd2a655\" data-vce-do-apply=\"all el-5cd2a655\"><span><span><a href=\"https:\/\/center.iobeya.com\/fr\/\">Home<\/a><\/span><\/span><\/div><\/div><\/div><\/div><\/div><\/div><\/div><\/div><div class=\"vce-row-container\" data-vce-boxed-width=\"true\"><div class=\"vce-row vce-row--col-gap-30 vce-row-equal-height vce-row-content--top\" id=\"el-93e36903\" data-vce-do-apply=\"all el-93e36903\"><div class=\"vce-row-content\" data-vce-element-content=\"true\"><div class=\"vce-col vce-col--md-auto vce-col--xs-1 vce-col--xs-last vce-col--xs-first vce-col--sm-last vce-col--sm-first vce-col--md-last vce-col--lg-last vce-col--xl-last vce-col--md-first vce-col--lg-first vce-col--xl-first training-article\" id=\"el-d873221d\"><div class=\"vce-col-inner\" data-vce-do-apply=\"border margin background  el-d873221d\"><div class=\"vce-col-content\" data-vce-element-content=\"true\" data-vce-do-apply=\"padding el-d873221d\"><div class=\"vce-single-image-container logo-iobeya-academy vce-single-image--align-left\"><div class=\"vce vce-single-image-wrapper\" id=\"el-3355ea66\" data-vce-do-apply=\"all el-3355ea66\"><figure><div class=\"vce-single-image-figure-inner\" style=\"width: 144px;\"><div class=\"vce-single-image-inner vce-single-image--absolute\" style=\"width: 100%; padding-bottom: 33.3333%;\"><img loading=\"lazy\" decoding=\"async\" class=\"vce-single-image\"  width=\"144\" height=\"48\" srcset=\"https:\/\/center.iobeya.com\/wp-content\/uploads\/2023\/02\/logo-iobeya-academy-320x107.png 320w, https:\/\/center.iobeya.com\/wp-content\/uploads\/2023\/02\/logo-iobeya-academy-480x160.png 480w, https:\/\/center.iobeya.com\/wp-content\/uploads\/2023\/02\/logo-iobeya-academy-800x267.png 800w, https:\/\/center.iobeya.com\/wp-content\/uploads\/2023\/02\/logo-iobeya-academy-144x48.png 144w, https:\/\/center.iobeya.com\/wp-content\/uploads\/2023\/02\/logo-iobeya-academy-288x96.png 2x\" src=\"https:\/\/center.iobeya.com\/wp-content\/uploads\/2023\/02\/logo-iobeya-academy-144x48.png\" data-img-src=\"https:\/\/center.iobeya.com\/wp-content\/uploads\/2023\/01\/logo-iobeya-academy.png\" data-attachment-id=\"9078\"  alt=\"iObeya Academy logo\" title=\"logo-iobeya-academy\" \/><\/div><\/div><figcaption hidden=\"\"><\/figcaption><\/figure><\/div><\/div><div class=\"vce-text-block title-page\"><div class=\"vce-text-block-wrapper vce\" id=\"el-6560dc33\" data-vce-do-apply=\"all el-6560dc33\"><h1 style=\"text-align: left;\">Formations<\/h1><\/div><\/div><div class=\"vce-text-block text-training\"><div class=\"vce-text-block-wrapper vce\" id=\"el-453a4846\" data-vce-do-apply=\"all el-453a4846\"><p>Suivez nos parcours de formation afin de d\u00e9couvrir rapidement iObeya et comprendre comment iObeya peut vous aider \u00e0 atteindre vos objectifs. S\u00e9lectionnez une th\u00e9matique et laissez-vous guider.<\/p><\/div><\/div><\/div><\/div><\/div><\/div><\/div><\/div><div class=\"vce-row-container\" data-vce-boxed-width=\"true\"><div class=\"vce-row vce-row--col-gap-30 vce-row-equal-height vce-row-content--top\" id=\"el-e5c0d611\" data-vce-do-apply=\"all el-e5c0d611\"><div class=\"vce-row-content\" data-vce-element-content=\"true\"><div class=\"vce-col vce-col--md-auto vce-col--xs-1 vce-col--xs-last vce-col--xs-first vce-col--sm-last vce-col--sm-first vce-col--md-last vce-col--lg-last vce-col--xl-last vce-col--md-first vce-col--lg-first vce-col--xl-first\" id=\"el-6e59dff9\"><div class=\"vce-col-inner\" data-vce-do-apply=\"border margin background  el-6e59dff9\"><div class=\"vce-col-content\" data-vce-element-content=\"true\" data-vce-do-apply=\"padding el-6e59dff9\"><div class=\"vce-shortcode\"><div class=\"vce-shortcode-wrapper vce\" id=\"el-cc0296ff\" data-vce-do-apply=\"all el-cc0296ff\"> <!-- Gridbuilder \u1d42\u1d3e Plugin (https:\/\/wpgridbuilder.com) -->\n<div class=\"wp-grid-builder wpgb-grid-1 training-grid\" data-options=\"{&quot;id&quot;:1,&quot;type&quot;:&quot;masonry&quot;,&quot;source&quot;:&quot;post_type&quot;,&quot;loader&quot;:0,&quot;layout&quot;:&quot;vertical&quot;,&quot;reveal&quot;:0,&quot;isMainQuery&quot;:0,&quot;lazyLoad&quot;:0,&quot;cardSizes&quot;:{&quot;9999&quot;:{&quot;columns&quot;:2,&quot;height&quot;:240,&quot;gutter&quot;:0,&quot;ratio&quot;:&quot;1.33333&quot;},&quot;1200&quot;:{&quot;columns&quot;:2,&quot;height&quot;:240,&quot;gutter&quot;:2,&quot;ratio&quot;:&quot;1.33333&quot;},&quot;992&quot;:{&quot;columns&quot;:2,&quot;height&quot;:220,&quot;gutter&quot;:2,&quot;ratio&quot;:&quot;1.33333&quot;},&quot;768&quot;:{&quot;columns&quot;:1,&quot;height&quot;:220,&quot;gutter&quot;:5,&quot;ratio&quot;:&quot;1.33333&quot;},&quot;576&quot;:{&quot;columns&quot;:1,&quot;height&quot;:200,&quot;gutter&quot;:0,&quot;ratio&quot;:&quot;1.33333&quot;},&quot;320&quot;:{&quot;columns&quot;:1,&quot;height&quot;:200,&quot;gutter&quot;:0,&quot;ratio&quot;:&quot;1.33333&quot;}},&quot;fitRows&quot;:0,&quot;equalRows&quot;:0,&quot;equalColumns&quot;:1,&quot;fillLastRow&quot;:0,&quot;centerLastRow&quot;:0,&quot;horizontalOrder&quot;:0,&quot;fullWidth&quot;:0,&quot;transitionDelay&quot;:100,&quot;gallerySlideshow&quot;:0,&quot;rowsNumber&quot;:1,&quot;slideAlign&quot;:&quot;left&quot;,&quot;groupCells&quot;:1,&quot;draggable&quot;:1,&quot;initialIndex&quot;:0,&quot;contain&quot;:0,&quot;freeScroll&quot;:0,&quot;freeFriction&quot;:&quot;0.075&quot;,&quot;friction&quot;:&quot;0.285&quot;,&quot;attraction&quot;:&quot;0.025&quot;,&quot;autoPlay&quot;:0,&quot;pageDotAriaLabel&quot;:&quot;Point de page %d&quot;,&quot;isPreview&quot;:false,&quot;isGutenberg&quot;:false,&quot;rightToLeft&quot;:false}\"><div class=\"wpgb-svg-icons\" hidden>\n\t<svg viewBox=\"0 0 120 24\" width=\"0\" height=\"0\">\n\t<defs>\n        <polygon id=\"wpgb-star-svg\" points=\"12 2.5 15.1 8.8 22 9.8 17 14.6 18.2 21.5 12 18.3 5.8 21.5 7 14.6 2 9.8 8.9 8.8\"><\/polygon>\n    <\/defs>\n    <symbol id=\"wpgb-rating-stars-svg\">\n        <use xlink:href=\"#wpgb-star-svg\"><\/use>\n        <use xlink:href=\"#wpgb-star-svg\" x=\"24\"><\/use>\n        <use xlink:href=\"#wpgb-star-svg\" x=\"48\"><\/use>\n        <use xlink:href=\"#wpgb-star-svg\" x=\"72\"><\/use>\n        <use xlink:href=\"#wpgb-star-svg\" x=\"96\"><\/use>\n    <\/symbol>\n<\/svg>\n<\/div>\n<div class=\"wpgb-wrapper\">\n\t<div class=\"wpgb-main\">\n\t<div class=\"wpgb-layout\">\n\t<div class=\"wpgb-viewport\">\n\t\t<div class=\"wpgb-masonry\">\n\t\t\t<article class=\"wpgb-card wpgb-card-5 wpgb-post-9023\" data-col=\"1\" data-row=\"1\" data-format=\"standard\" data-fluid><div class=\"wpgb-card-wrapper\"><div class=\"wpgb-card-inner\"><div class=\"wpgb-card-media wpgb-scheme-light\"><svg data-ratio style=\"padding-top:56.25%\" viewBox=\"0 0 16 9\"><\/svg><div class=\"wpgb-card-media-thumbnail\"><a href=\"https:\/\/center.iobeya.com\/wp-content\/uploads\/2023\/01\/masterclass-1-fr-588x331.png\" tabindex=\"-1\" class=\"wpgb-handle-lb wpgb-lightbox\" data-type=\"image\" data-rel=\"1\" data-title=\"masterclass-1-fr\" title=\"Agrandir la photo\"><div style=\"background-image:url(https:\/\/center.iobeya.com\/wp-content\/uploads\/2023\/01\/masterclass-1-fr.png)\"><\/div><noscript><img class=\"wpgb-noscript-img\" src=\"https:\/\/center.iobeya.com\/wp-content\/uploads\/2023\/01\/masterclass-1-fr.png\" alt=\"\" height=\"720\" width=\"1280\"><\/noscript><\/a><a class=\"wpgb-card-layer-link\" href=\"https:\/\/center.iobeya.com\/fr\/trainings\/bien-demarrer-avec-iobeya\/\"><\/a><\/div><\/div><div class=\"wpgb-card-content wpgb-scheme-dark\"><div class=\"wpgb-card-body\"><h2 class=\"wpgb-block-3 wpgb-idle-scheme-1\"><a target=\"_self\" href=\"https:\/\/center.iobeya.com\/fr\/trainings\/bien-demarrer-avec-iobeya\/\">Bien d\u00e9marrer avec iObeya<\/a><\/h2><p class=\"wpgb-block-6 training-description wpgb-idle-scheme-2\">Familiarisez-vous avec les <strong>principaux concepts<\/strong> et apprenez les <strong>bases d'iObeya<\/strong>. Ce module est con\u00e7u pour vous permettre d'<strong>acqu\u00e9rir les comp\u00e9tences<\/strong> fondamentales n\u00e9cessaires pour commencer \u00e0 <strong>collaborer avec votre \u00e9quipe<\/strong> dans vos diff\u00e9rentes salles iObeya.\r\n\r\nApr\u00e8s avoir suivi ce cours, vous serez en mesure de :\r\n\r\n- Naviguer facilement dans iObeya \r\n- Construire des panneaux simples dans votre salle\r\n- Personnaliser le fond de vos panneaux\r\n- Personnaliser vos outils et votre dock d'outils\r\n\r\nUne fois que votre obeya virtuelle est pr\u00eate, vous pouvez commencer \u00e0 inviter des personnes \u00e0 vous rejoindre et \u00e0 animer vos <strong>rituels de management visuel<\/strong>.\r\n<\/p><div class=\"wpgb-block-4 read-time-footer wpgb-idle-scheme-1\">30 minutes<\/div><\/div><\/div><\/div><\/div><\/article><article class=\"wpgb-card wpgb-card-5 wpgb-post-9027\" data-col=\"1\" data-row=\"1\" data-format=\"standard\" data-fluid><div class=\"wpgb-card-wrapper\"><div class=\"wpgb-card-inner\"><div class=\"wpgb-card-media wpgb-scheme-light\"><svg data-ratio style=\"padding-top:56.25%\" viewBox=\"0 0 16 9\"><\/svg><div class=\"wpgb-card-media-thumbnail\"><a href=\"https:\/\/center.iobeya.com\/wp-content\/uploads\/2023\/01\/masterclass-2-fr-588x331.png\" tabindex=\"-1\" class=\"wpgb-handle-lb wpgb-lightbox\" data-type=\"image\" data-rel=\"1\" data-title=\"masterclass-2-fr\" title=\"Agrandir la photo\"><div style=\"background-image:url(https:\/\/center.iobeya.com\/wp-content\/uploads\/2023\/01\/masterclass-2-fr.png)\"><\/div><noscript><img class=\"wpgb-noscript-img\" src=\"https:\/\/center.iobeya.com\/wp-content\/uploads\/2023\/01\/masterclass-2-fr.png\" alt=\"\" height=\"720\" width=\"1280\"><\/noscript><\/a><a class=\"wpgb-card-layer-link\" href=\"https:\/\/center.iobeya.com\/fr\/trainings\/lean-mettre-en-place-vos-rituels-de-management-visuel\/\"><\/a><\/div><\/div><div class=\"wpgb-card-content wpgb-scheme-dark\"><div class=\"wpgb-card-body\"><h2 class=\"wpgb-block-3 wpgb-idle-scheme-1\"><a target=\"_self\" href=\"https:\/\/center.iobeya.com\/fr\/trainings\/lean-mettre-en-place-vos-rituels-de-management-visuel\/\">Lean : Mettre en place vos rituels de management visuel<\/a><\/h2><p class=\"wpgb-block-6 training-description wpgb-idle-scheme-2\">Votre salle virtuelle est pr\u00eate mais vous souhaitez y ajouter un peu de magie ? Ce cours se concentre sur les <strong>outils lean<\/strong> permettant d'acc\u00e9l\u00e9rer le partage d'informations, d'am\u00e9liorer l'<strong>animation de vos r\u00e9unions<\/strong> et de <strong>standardiser vos pratiques de management visuel<\/strong>.\r\n\r\nApr\u00e8s avoir suivi ce cours, vous serez en mesure de :\r\n\r\n- Animer vos r\u00e9unions\r\n- Mener des sessions de brainstorming et lancer des s\u00e9ances de vote\r\n- Utiliser des cartes synchronis\u00e9es et des collections de cartes\r\n- Ajouter des panneaux intelligents dans vos salles (Kanban, Planning)\r\n- Importer\/exporter des panneaux\r\n- Configurer des mod\u00e8les de panneaux<\/p><div class=\"wpgb-block-4 read-time-footer wpgb-idle-scheme-1\">1 heure<\/div><\/div><\/div><\/div><\/div><\/article><article class=\"wpgb-card wpgb-card-5 wpgb-post-9029\" data-col=\"1\" data-row=\"1\" data-format=\"standard\" data-fluid><div class=\"wpgb-card-wrapper\"><div class=\"wpgb-card-inner\"><div class=\"wpgb-card-media wpgb-scheme-light\"><svg data-ratio style=\"padding-top:56.25%\" viewBox=\"0 0 16 9\"><\/svg><div class=\"wpgb-card-media-thumbnail\"><a href=\"https:\/\/center.iobeya.com\/wp-content\/uploads\/2023\/01\/masterclass-3-fr-588x331.png\" tabindex=\"-1\" class=\"wpgb-handle-lb wpgb-lightbox\" data-type=\"image\" data-rel=\"1\" data-title=\"masterclass-3-fr\" title=\"Agrandir la photo\"><div style=\"background-image:url(https:\/\/center.iobeya.com\/wp-content\/uploads\/2023\/01\/masterclass-3-fr.png)\"><\/div><noscript><img class=\"wpgb-noscript-img\" src=\"https:\/\/center.iobeya.com\/wp-content\/uploads\/2023\/01\/masterclass-3-fr.png\" alt=\"\" height=\"720\" width=\"1280\"><\/noscript><\/a><a class=\"wpgb-card-layer-link\" href=\"https:\/\/center.iobeya.com\/fr\/trainings\/digitalisez-vos-pratiques-agile\/\"><\/a><\/div><\/div><div class=\"wpgb-card-content wpgb-scheme-dark\"><div class=\"wpgb-card-body\"><h2 class=\"wpgb-block-3 wpgb-idle-scheme-1\"><a target=\"_self\" href=\"https:\/\/center.iobeya.com\/fr\/trainings\/digitalisez-vos-pratiques-agile\/\">Digitalisez vos pratiques Agile<\/a><\/h2><p class=\"wpgb-block-6 training-description wpgb-idle-scheme-2\">iObeya est un outil con\u00e7u pour acc\u00e9l\u00e9rer votre <strong>transformation Agile<\/strong>. Que les \u00e9quipes utilisent Scrum, Kanban, ou leur propre style de gestion de projet Agile, apprenez comment iObeya est un outil flexible pour soutenir les pratiques de gestion visuelle Agile.\r\n\r\nApr\u00e8s avoir suivi ce cours, vous serez mesure de :\r\n\r\n- Personnaliser les cartes agiles telles que la Feature Card, Story Card, etc.\r\n- Configurer les cartes Jira \/ ADO\r\n- Importer en masse des tickets depuis Jira\/ADO\r\n- Configurer et utiliser le panneau Programme\/\u00c9quipe\r\n- Configurer des panneaux Kanban, Sprint etc.<\/p><div class=\"wpgb-block-4 read-time-footer wpgb-idle-scheme-1\">45 minutes<\/div><\/div><\/div><\/div><\/div><\/article><article class=\"wpgb-card wpgb-card-5 wpgb-post-9035\" data-col=\"1\" data-row=\"1\" data-format=\"standard\" data-fluid><div class=\"wpgb-card-wrapper\"><div class=\"wpgb-card-inner\"><div class=\"wpgb-card-media wpgb-scheme-light\"><svg data-ratio style=\"padding-top:56.25%\" viewBox=\"0 0 16 9\"><\/svg><div class=\"wpgb-card-media-thumbnail\"><a href=\"https:\/\/center.iobeya.com\/wp-content\/uploads\/2023\/01\/masterclass-4-fr-588x331.png\" tabindex=\"-1\" class=\"wpgb-handle-lb wpgb-lightbox\" data-type=\"image\" data-rel=\"1\" data-title=\"masterclass-4-fr\" title=\"Agrandir la photo\"><div style=\"background-image:url(https:\/\/center.iobeya.com\/wp-content\/uploads\/2023\/01\/masterclass-4-fr.png)\"><\/div><noscript><img class=\"wpgb-noscript-img\" src=\"https:\/\/center.iobeya.com\/wp-content\/uploads\/2023\/01\/masterclass-4-fr.png\" alt=\"\" height=\"720\" width=\"1280\"><\/noscript><\/a><a class=\"wpgb-card-layer-link\" href=\"https:\/\/center.iobeya.com\/fr\/trainings\/qcd-construire-vos-tableaux-de-bord-dindicateurs-de-performance\/\"><\/a><\/div><\/div><div class=\"wpgb-card-content wpgb-scheme-dark\"><div class=\"wpgb-card-body\"><h2 class=\"wpgb-block-3 wpgb-idle-scheme-1\"><a target=\"_self\" href=\"https:\/\/center.iobeya.com\/fr\/trainings\/qcd-construire-vos-tableaux-de-bord-dindicateurs-de-performance\/\">QCD : Construire vos tableaux de bord d&#039;indicateurs de performance<\/a><\/h2><p class=\"wpgb-block-6 training-description wpgb-idle-scheme-2\">Dans ce module, vous apprendrez \u00e0 utiliser l\u2019<strong>add-on QCD<\/strong> et ses outils associ\u00e9s pour mettre en place vos <strong>tableaux de bord<\/strong> et organiser des <strong>r\u00e9unions de suivi de la performance<\/strong> dans iObeya.\r\n\r\nApr\u00e8s avoir suivi ce cours, vous serez mesure de :\r\n\r\n- Cr\u00e9er des panneaux et des lettres QCD\r\n- D\u00e9finir des indicateurs de performance\r\n- Cr\u00e9er des actions correctives et g\u00e9rer votre plan d'action\r\n- Consolider les KPI tree pour construire des tableaux de bord\r\n- Escalader les actions pour acc\u00e9l\u00e9rer la r\u00e9solution des probl\u00e8mes<\/p><div class=\"wpgb-block-4 read-time-footer wpgb-idle-scheme-1\">1 heure<\/div><\/div><\/div><\/div><\/div><\/article><article class=\"wpgb-card wpgb-card-5 wpgb-post-10789\" data-col=\"1\" data-row=\"1\" data-format=\"standard\" data-fluid><div class=\"wpgb-card-wrapper\"><div class=\"wpgb-card-inner\"><div class=\"wpgb-card-media wpgb-scheme-light\"><svg data-ratio style=\"padding-top:56.25%\" viewBox=\"0 0 16 9\"><\/svg><div class=\"wpgb-card-media-thumbnail\"><a href=\"https:\/\/center.iobeya.com\/wp-content\/uploads\/2023\/05\/masterclass-5-eng-588x331.png\" tabindex=\"-1\" class=\"wpgb-handle-lb wpgb-lightbox\" data-type=\"image\" data-rel=\"1\" data-title=\"masterclass-5-eng\" title=\"Agrandir la photo\"><div style=\"background-image:url(https:\/\/center.iobeya.com\/wp-content\/uploads\/2023\/05\/masterclass-5-eng.png)\"><\/div><noscript><img class=\"wpgb-noscript-img\" src=\"https:\/\/center.iobeya.com\/wp-content\/uploads\/2023\/05\/masterclass-5-eng.png\" alt=\"\" height=\"720\" width=\"1280\"><\/noscript><\/a><a class=\"wpgb-card-layer-link\" href=\"https:\/\/center.iobeya.com\/fr\/trainings\/dcm-planifier-et-piloter-vos-activites-quotidiennes\/\"><\/a><\/div><\/div><div class=\"wpgb-card-content wpgb-scheme-dark\"><div class=\"wpgb-card-body\"><h2 class=\"wpgb-block-3 wpgb-idle-scheme-1\"><a target=\"_self\" href=\"https:\/\/center.iobeya.com\/fr\/trainings\/dcm-planifier-et-piloter-vos-activites-quotidiennes\/\">DCM : Planifier et piloter vos activit\u00e9s quotidiennes<\/a><\/h2><p class=\"wpgb-block-6 training-description wpgb-idle-scheme-2\">Cette masterclass vous donnera une vue d'ensemble de notre dernier module d\u00e9di\u00e9 au <strong>Daily Capacity Management<\/strong>.. \r\nApr\u00e8s avoir suivi ce cours, vous serez mesure de :\r\n\r\nPr\u00e9parer des <strong>t\u00e2ches <\/strong>et des <strong>s\u00e9quences<\/strong>\r\nConfigurer votre panneau DCM\r\nUtiliser le panneau dans les diff\u00e9rents modes\r\nInteragir avec le panneau en tant qu'utilisateur standard\r\nImporter des t\u00e2ches par lot\r\nAcc\u00e9der et exporter des <strong>KPI<\/strong>\r\n<\/p><div class=\"wpgb-block-4 read-time-footer wpgb-idle-scheme-1\">30 minutes<\/div><\/div><\/div><\/div><\/div><\/article>\t\t<\/div>\n\t<\/div>\n\t<\/div>\n\t<\/div>\n\t\t<\/div>\n<\/div>\n <\/div><\/div><\/div><\/div><\/div><\/div><\/div><\/div>","protected":false},"excerpt":{"rendered":"<p>Suivez nos parcours de formation afin de d\u00e9couvrir rapidement iObeya et comprendre comment iObeya peut vous aider \u00e0 atteindre vos objectifs. S\u00e9lectionnez une th\u00e9matique et laissez-vous guider.<\/p>\n","protected":false},"author":1,"featured_media":0,"parent":0,"menu_order":0,"comment_status":"closed","ping_status":"closed","template":"","meta":{"inline_featured_image":false,"__cvm_playback_settings":[],"__cvm_video_id":"","iawp_total_views":8385,"footnotes":""},"class_list":["post-591","page","type-page","status-publish","hentry"],"yoast_head":"<!-- This site is optimized with the Yoast SEO plugin v21.5 - https:\/\/yoast.com\/wordpress\/plugins\/seo\/ -->\n<title>Formations - Resource Center<\/title>\n<meta name=\"robots\" content=\"index, follow, max-snippet:-1, max-image-preview:large, max-video-preview:-1\" \/>\n<link rel=\"canonical\" href=\"https:\/\/center.iobeya.com\/fr\/formations\/\" \/>\n<meta property=\"og:locale\" content=\"fr_FR\" \/>\n<meta property=\"og:type\" content=\"article\" \/>\n<meta property=\"og:title\" content=\"Formations - Resource Center\" \/>\n<meta property=\"og:description\" content=\"Suivez nos parcours de formation afin de d\u00e9couvrir rapidement iObeya et comprendre comment iObeya peut vous aider \u00e0 atteindre vos objectifs. S\u00e9lectionnez une th\u00e9matique et laissez-vous guider.\" \/>\n<meta property=\"og:url\" content=\"https:\/\/center.iobeya.com\/fr\/formations\/\" \/>\n<meta property=\"og:site_name\" content=\"Resource Center\" \/>\n<meta property=\"article:modified_time\" content=\"2023-02-01T17:50:36+00:00\" \/>\n<meta name=\"twitter:card\" content=\"summary_large_image\" \/>\n<script type=\"application\/ld+json\" class=\"yoast-schema-graph\">{\"@context\":\"https:\/\/schema.org\",\"@graph\":[{\"@type\":\"WebPage\",\"@id\":\"https:\/\/center.iobeya.com\/fr\/formations\/\",\"url\":\"https:\/\/center.iobeya.com\/fr\/formations\/\",\"name\":\"Formations - Resource Center\",\"isPartOf\":{\"@id\":\"https:\/\/center.iobeya.com\/fr\/#website\"},\"datePublished\":\"2021-10-19T21:43:47+00:00\",\"dateModified\":\"2023-02-01T17:50:36+00:00\",\"breadcrumb\":{\"@id\":\"https:\/\/center.iobeya.com\/fr\/formations\/#breadcrumb\"},\"inLanguage\":\"fr-FR\",\"potentialAction\":[{\"@type\":\"ReadAction\",\"target\":[\"https:\/\/center.iobeya.com\/fr\/formations\/\"]}]},{\"@type\":\"BreadcrumbList\",\"@id\":\"https:\/\/center.iobeya.com\/fr\/formations\/#breadcrumb\",\"itemListElement\":[{\"@type\":\"ListItem\",\"position\":1,\"name\":\"Home\",\"item\":\"https:\/\/center.iobeya.com\/fr\/\"},{\"@type\":\"ListItem\",\"position\":2,\"name\":\"Formations\"}]},{\"@type\":\"WebSite\",\"@id\":\"https:\/\/center.iobeya.com\/fr\/#website\",\"url\":\"https:\/\/center.iobeya.com\/fr\/\",\"name\":\"Resource Center\",\"description\":\"\",\"publisher\":{\"@id\":\"https:\/\/center.iobeya.com\/fr\/#organization\"},\"potentialAction\":[{\"@type\":\"SearchAction\",\"target\":{\"@type\":\"EntryPoint\",\"urlTemplate\":\"https:\/\/center.iobeya.com\/fr\/?s={search_term_string}\"},\"query-input\":\"required name=search_term_string\"}],\"inLanguage\":\"fr-FR\"},{\"@type\":\"Organization\",\"@id\":\"https:\/\/center.iobeya.com\/fr\/#organization\",\"name\":\"Resource Center\",\"url\":\"https:\/\/center.iobeya.com\/fr\/\",\"logo\":{\"@type\":\"ImageObject\",\"inLanguage\":\"fr-FR\",\"@id\":\"https:\/\/center.iobeya.com\/fr\/#\/schema\/logo\/image\/\",\"url\":\"https:\/\/center.iobeya.com\/wp-content\/uploads\/2021\/12\/logo-iobeya-rc-black-1@3x-1.png\",\"contentUrl\":\"https:\/\/center.iobeya.com\/wp-content\/uploads\/2021\/12\/logo-iobeya-rc-black-1@3x-1.png\",\"width\":550,\"height\":150,\"caption\":\"Resource Center\"},\"image\":{\"@id\":\"https:\/\/center.iobeya.com\/fr\/#\/schema\/logo\/image\/\"}}]}<\/script>\n<!-- \/ Yoast SEO plugin. -->","yoast_head_json":{"title":"Formations - Resource Center","robots":{"index":"index","follow":"follow","max-snippet":"max-snippet:-1","max-image-preview":"max-image-preview:large","max-video-preview":"max-video-preview:-1"},"canonical":"https:\/\/center.iobeya.com\/fr\/formations\/","og_locale":"fr_FR","og_type":"article","og_title":"Formations - Resource Center","og_description":"Suivez nos parcours de formation afin de d\u00e9couvrir rapidement iObeya et comprendre comment iObeya peut vous aider \u00e0 atteindre vos objectifs. S\u00e9lectionnez une th\u00e9matique et laissez-vous guider.","og_url":"https:\/\/center.iobeya.com\/fr\/formations\/","og_site_name":"Resource Center","article_modified_time":"2023-02-01T17:50:36+00:00","twitter_card":"summary_large_image","schema":{"@context":"https:\/\/schema.org","@graph":[{"@type":"WebPage","@id":"https:\/\/center.iobeya.com\/fr\/formations\/","url":"https:\/\/center.iobeya.com\/fr\/formations\/","name":"Formations - Resource Center","isPartOf":{"@id":"https:\/\/center.iobeya.com\/fr\/#website"},"datePublished":"2021-10-19T21:43:47+00:00","dateModified":"2023-02-01T17:50:36+00:00","breadcrumb":{"@id":"https:\/\/center.iobeya.com\/fr\/formations\/#breadcrumb"},"inLanguage":"fr-FR","potentialAction":[{"@type":"ReadAction","target":["https:\/\/center.iobeya.com\/fr\/formations\/"]}]},{"@type":"BreadcrumbList","@id":"https:\/\/center.iobeya.com\/fr\/formations\/#breadcrumb","itemListElement":[{"@type":"ListItem","position":1,"name":"Home","item":"https:\/\/center.iobeya.com\/fr\/"},{"@type":"ListItem","position":2,"name":"Formations"}]},{"@type":"WebSite","@id":"https:\/\/center.iobeya.com\/fr\/#website","url":"https:\/\/center.iobeya.com\/fr\/","name":"Resource Center","description":"","publisher":{"@id":"https:\/\/center.iobeya.com\/fr\/#organization"},"potentialAction":[{"@type":"SearchAction","target":{"@type":"EntryPoint","urlTemplate":"https:\/\/center.iobeya.com\/fr\/?s={search_term_string}"},"query-input":"required name=search_term_string"}],"inLanguage":"fr-FR"},{"@type":"Organization","@id":"https:\/\/center.iobeya.com\/fr\/#organization","name":"Resource Center","url":"https:\/\/center.iobeya.com\/fr\/","logo":{"@type":"ImageObject","inLanguage":"fr-FR","@id":"https:\/\/center.iobeya.com\/fr\/#\/schema\/logo\/image\/","url":"https:\/\/center.iobeya.com\/wp-content\/uploads\/2021\/12\/logo-iobeya-rc-black-1@3x-1.png","contentUrl":"https:\/\/center.iobeya.com\/wp-content\/uploads\/2021\/12\/logo-iobeya-rc-black-1@3x-1.png","width":550,"height":150,"caption":"Resource Center"},"image":{"@id":"https:\/\/center.iobeya.com\/fr\/#\/schema\/logo\/image\/"}}]}},"_links":{"self":[{"href":"https:\/\/center.iobeya.com\/fr\/wp-json\/wp\/v2\/pages\/591","targetHints":{"allow":["GET"]}}],"collection":[{"href":"https:\/\/center.iobeya.com\/fr\/wp-json\/wp\/v2\/pages"}],"about":[{"href":"https:\/\/center.iobeya.com\/fr\/wp-json\/wp\/v2\/types\/page"}],"author":[{"embeddable":true,"href":"https:\/\/center.iobeya.com\/fr\/wp-json\/wp\/v2\/users\/1"}],"replies":[{"embeddable":true,"href":"https:\/\/center.iobeya.com\/fr\/wp-json\/wp\/v2\/comments?post=591"}],"version-history":[{"count":10,"href":"https:\/\/center.iobeya.com\/fr\/wp-json\/wp\/v2\/pages\/591\/revisions"}],"predecessor-version":[{"id":9443,"href":"https:\/\/center.iobeya.com\/fr\/wp-json\/wp\/v2\/pages\/591\/revisions\/9443"}],"wp:attachment":[{"href":"https:\/\/center.iobeya.com\/fr\/wp-json\/wp\/v2\/media?parent=591"}],"curies":[{"name":"wp","href":"https:\/\/api.w.org\/{rel}","templated":true}]}}