{"id":2580,"date":"2022-01-17T00:14:24","date_gmt":"2022-01-16T23:14:24","guid":{"rendered":"https:\/\/center.iobeya.com\/?page_id=2580"},"modified":"2022-05-06T15:07:34","modified_gmt":"2022-05-06T13:07:34","slug":"politique-de-confidentialite","status":"publish","type":"page","link":"https:\/\/center.iobeya.com\/fr\/politique-de-confidentialite\/","title":{"rendered":"Politique de confidentialit\u00e9"},"content":{"rendered":"<div class=\"vce-row-container\" data-vce-boxed-width=\"true\"><div class=\"vce-row vce-row--col-gap-30 vce-row-equal-height vce-row-content--top\" id=\"el-0d4c356d\" data-vce-do-apply=\"all el-0d4c356d\"><div class=\"vce-row-content\" data-vce-element-content=\"true\"><div class=\"vce-col vce-col--md-auto vce-col--xs-1 vce-col--xs-last vce-col--xs-first vce-col--sm-last vce-col--sm-first vce-col--md-last vce-col--lg-last vce-col--xl-last vce-col--md-first vce-col--lg-first vce-col--xl-first\" id=\"el-cab61caa\"><div class=\"vce-col-inner\" data-vce-do-apply=\"border margin background  el-cab61caa\"><div class=\"vce-col-content\" data-vce-element-content=\"true\" data-vce-do-apply=\"padding el-cab61caa\"><div class=\"vce-shortcode link-breadcrumb\"><div class=\"vce-shortcode-wrapper vce\" id=\"el-d27a1bf5\" data-vce-do-apply=\"all el-d27a1bf5\"><span><span><a href=\"https:\/\/center.iobeya.com\/fr\/\">Home<\/a><\/span><\/span><\/div><\/div><\/div><\/div><\/div><\/div><\/div><\/div><div class=\"vce-row-container\" data-vce-boxed-width=\"true\"><div class=\"vce-row vce-row--col-gap-30 vce-row-equal-height vce-row-content--top\" id=\"el-9bb18e8b\" data-vce-do-apply=\"all el-9bb18e8b\"><div class=\"vce-content-background-container\"><\/div><div class=\"vce-row-content\" data-vce-element-content=\"true\"><div class=\"vce-col vce-col--md-auto vce-col--xs-1 vce-col--xs-last vce-col--xs-first vce-col--sm-last vce-col--sm-first vce-col--md-last vce-col--lg-last vce-col--xl-last vce-col--md-first vce-col--lg-first vce-col--xl-first\" id=\"el-85b37b53\"><div class=\"vce-col-inner\" data-vce-do-apply=\"border margin background  el-85b37b53\"><div class=\"vce-col-content\" data-vce-element-content=\"true\" data-vce-do-apply=\"padding el-85b37b53\"><div class=\"vce-text-block title-page\"><div class=\"vce-text-block-wrapper vce\" id=\"el-a7ab1cd4\" data-vce-do-apply=\"all el-a7ab1cd4\"><h1 style=\"text-align: left;\">Politique de confidentialit\u00e9<\/h1><\/div><\/div><\/div><\/div><\/div><\/div><\/div><\/div><div class=\"vce-row-container\" data-vce-boxed-width=\"true\"><div class=\"vce-row vce-row--col-gap-30 vce-row-equal-height vce-row-content--top\" id=\"el-291bb3d6\" data-vce-do-apply=\"all el-291bb3d6\"><div class=\"vce-row-content\" data-vce-element-content=\"true\"><div class=\"vce-col vce-col--md-auto vce-col--xs-1 vce-col--xs-last vce-col--xs-first vce-col--sm-last vce-col--sm-first vce-col--md-last vce-col--lg-last vce-col--xl-last vce-col--md-first vce-col--lg-first vce-col--xl-first\" id=\"el-e5710510\"><div class=\"vce-col-inner\" data-vce-do-apply=\"border margin background  el-e5710510\" id=\"all_links_faq\"><div class=\"vce-col-content\" data-vce-element-content=\"true\" data-vce-do-apply=\"padding el-e5710510\"><div class=\"vce-text-block\"><div class=\"vce-text-block-wrapper vce\" id=\"el-bdca3a0a\" data-vce-do-apply=\"all el-bdca3a0a\"><h2>Traitement de vos donn\u00e9es \u00e0 caract\u00e8re personnel<\/h2>\n<h3>Responsable de traitement<\/h3>\n<p>Dans le cadre de la cr\u00e9ation de votre Compte d\u2019Utilisateur iObeya et de l\u2019utilisation de nos services, vos donn\u00e9es personnelles font l'objet d\u2019un traitement informatis\u00e9 par la soci\u00e9t\u00e9 iObeya.<\/p>\n<p>Responsable de traitement : iObeya, 1 rue Galvani, B\u00e2timent D, 91300 MASSY, France<\/p>\n<p>D\u00e9l\u00e9gu\u00e9 \u00e0 la protection des donn\u00e9es : Guillaume Baudoin (<a href=\"mailto:dpo@iobeya.com\">dpo@iobeya.com<\/a>)<\/p>\n<h3>Donn\u00e9es collect\u00e9es, finalit\u00e9s et base l\u00e9gale<\/h3>\n<p>La base l\u00e9gale du traitement de vos donn\u00e9es repose sur votre consentement, donn\u00e9 par l\u2019interm\u00e9diaire de la case coch\u00e9e lors de la cr\u00e9ation de votre compte.<\/p>\n<p>Les donn\u00e9es collect\u00e9es par l\u2019interm\u00e9diaire de ce formulaire sont des donn\u00e9es d\u2019identification (nom, pr\u00e9nom et adresse e-mail professionnelle) indispensables pour vous identifier lors de la connexion \u00e0 votre compte et vous permettre ainsi :<\/p>\n<ul>\n<li>d\u2019utiliser nos services dans le cadre de l\u2019acc\u00e8s aux applications iObeya dont vous disposez, conform\u00e9ment \u00e0 nos&nbsp;<a href=\"https:\/\/register.iobeya.com\/public\/cgu_fr.jsp\" target=\"_blank\" rel=\"noopener\">Conditions G\u00e9n\u00e9rales d\u2019Utilisation<\/a>&nbsp;;<\/li>\n<li>d\u2019\u00eatre inform\u00e9 de l\u2019am\u00e9lioration, de l\u2019\u00e9volution, des nouveaut\u00e9s, et, plus g\u00e9n\u00e9ralement de toute actualit\u00e9 relative \u00e0 nos logiciels et \u00e0 nos services ;<\/li>\n<li>b\u00e9n\u00e9ficier de services accessoires \u00e0 la fourniture de la solution iObeya (t\u00e9l\u00e9chargement de la solution, de la documentation, d\u2019extensions, acc\u00e8s \u00e0 la FAQ, contact du support).<\/li>\n<\/ul>\n<p>Vous \u00eates inform\u00e9 que l\u2019absence de consentement au traitement de ces donn\u00e9es \u00e0 caract\u00e8re personnel fait obstacle \u00e0 l\u2019utilisation de nos services.<\/p>\n<p>Ces donn\u00e9es sont \u00e9galement utilis\u00e9es pour vous d\u00e9livrer des informations g\u00e9n\u00e9rales relatives \u00e0 la solution iObeya dans le cadre de la newsletter \u00e0 laquelle vous avez la possibilit\u00e9 de souscrire en cochant la case correspondante.<\/p>\n<p>Lorsque vous \u00eates connect\u00e9 \u00e0 votre compte au moyen de vos identifiants, iObeya enregistre, par l\u2019interm\u00e9diaire de cookies, vos donn\u00e9es de navigation sur le site afin d\u2019am\u00e9liorer la qualit\u00e9 de ses services ainsi que la pertinence des informations d\u00e9livr\u00e9es et des offres commerciales propos\u00e9es \u00e0 votre entreprise.<\/p>\n<h3>Dur\u00e9e de conservation<\/h3>\n<ol>\n<li>Si vous utilisez nos services dans le cadre d\u2019une licence d\u2019utilisation souscrite par votre entreprise (\u00ab Utilisateur Autoris\u00e9 \u00bb)<br>Vos donn\u00e9es seront conserv\u00e9es pendant toute la dur\u00e9e du contrat de fourniture de la solution ou du contrat de services qui lie votre entreprise \u00e0 iObeya, ou jusqu\u2019\u00e0 la notification \u00e0 iObeya, par votre entreprise ou vous-m\u00eame, du fait que vous n\u2019\u00eates plus habilit\u00e9 \u00e0 utiliser ce service. Au-del\u00e0 de cette dur\u00e9e, vos donn\u00e9es seront supprim\u00e9es.<\/li>\n<li>Si vous utilisez nos services gratuitement en tant qu\u2019invit\u00e9 (\u00ab Utilisateur Invit\u00e9 \u00bb)<br>Vous utilisez nos services conform\u00e9ment aux Conditions G\u00e9n\u00e9rales d\u2019Utilisation que vous avez accept\u00e9es lors de la cr\u00e9ation de votre Compte d\u2019Utilisateur.<\/li>\n<\/ol>\n<p>Vos donn\u00e9es seront conserv\u00e9es :<\/p>\n<ul>\n<li>jusqu\u2019\u00e0 ce qu\u2019\u00e0 ce que vous nous en demandiez la suppression ; ou<\/li>\n<li>jusqu\u2019\u00e0 ce qu\u2019\u00e0 ce que nous cession de vous fournir nos services, notamment en cas de r\u00e9siliation de votre souscription \u00e0 nos services ;<\/li>\n<\/ul>\n<p><br>Pour plus d\u2019informations sur la qualit\u00e9 d\u2019Utilisateur Autoris\u00e9 et d\u2019Utilisateur Invit\u00e9, consultez nos&nbsp;<a href=\"https:\/\/register.iobeya.com\/public\/cgu_fr.jsp\" target=\"_blank\" rel=\"noopener\">Conditions G\u00e9n\u00e9rales d\u2019Utilisation<\/a>.<\/p>\n<h3><br>S\u00e9curisation des donn\u00e9es<\/h3>\n<p><br>iObeya s'engage \u00e0 utiliser des moyens de s\u00e9curit\u00e9 pour chiffrer les flux entre l'Utilisateur et nos services (e.g. HTTPS, TLS) ainsi que les donn\u00e9es stock\u00e9es par ces services (e.g. AES), en se basant sur les recommandations de l'Agence Nationale de la S\u00e9curit\u00e9 des Syst\u00e8mes d'Information (ANSSI). Ces moyens de s\u00e9curisation sont propos\u00e9s par d\u00e9faut et pour l'ensemble des services fournis par iObeya, et sont mis \u00e0 jour r\u00e9guli\u00e8rement afin d'assurer un niveau de s\u00e9curit\u00e9 appropri\u00e9 \u00e0 la protection et la finalit\u00e9 de l'exploitation de ces donn\u00e9es.<\/p>\n<h3><br>Destinataires de vos donn\u00e9es et transfert de donn\u00e9es<\/h3>\n<p><br>Vos donn\u00e9es \u00e0 caract\u00e8re personnel ne seront jamais transmises \u00e0 des tiers, \u00e0 l\u2019exception des sous-traitants de iObeya.<\/p>\n<h3><br>Vos droits<\/h3>\n<p><br>Conform\u00e9ment \u00e0 la loi n\u00b0 78-17 du 6 janvier 1978 modifi\u00e9e relative \u00e0 l\u2019informatique, aux fichiers et aux libert\u00e9s, dans sa r\u00e9daction r\u00e9sultant de la loi n\u00b0 2018-493 du 20 juin 2018 relative \u00e0 la protection des donn\u00e9es personnelles, et au r\u00e8glement (UE) 2016\/679 du Parlement europ\u00e9en et du Conseil du 27 avril 2016 relatif \u00e0 la protection des personnes physiques \u00e0 l\u2019\u00e9gard du traitement des donn\u00e9es \u00e0 caract\u00e8re personnel et \u00e0 la libre circulation de ces donn\u00e9es (RGPD), vous disposez d\u2019un droit d\u2019acc\u00e8s \u00e0 vos donn\u00e9es \u00e0 caract\u00e8re personnel, d\u2019un droit de rectification ou d\u2019effacement de vos donn\u00e9es, d\u2019un droit \u00e0 la limitation du traitement de vos donn\u00e9es, d\u2019un droit d\u2019opposition au traitement de vos donn\u00e9es, ainsi que d\u2019un droit \u00e0 la portabilit\u00e9 de vos donn\u00e9es.<\/p>\n<p>Lorsque vous avez donn\u00e9 votre consentement au traitement de donn\u00e9es \u00e0 caract\u00e8re personnel vous concernant, vous disposez du droit de retirer votre consentement \u00e0 tout moment, sans porter atteinte \u00e0 la lic\u00e9it\u00e9 du traitement fond\u00e9 sur le consentement effectu\u00e9 avant le retrait de celui-ci.<\/p>\n<p>Vous pouvez exercer ces droits aupr\u00e8s de la soci\u00e9t\u00e9 iObeya, responsable du traitement, en \u00e9crivant \u00e0 l\u2019adresse&nbsp;dpo@iobeya.com, en indiquant vos nom, pr\u00e9noms, e-mail et adresse, et en y joignant une copie d\u2019une pi\u00e8ce d\u2019identit\u00e9 en cours de validit\u00e9.<\/p>\n<p>Ces droits pourront \u00eatre exerc\u00e9s apr\u00e8s votre mort par la personne que vous aurez d\u00e9sign\u00e9e ou par vos h\u00e9ritiers dans les conditions pr\u00e9vues par l\u2019article 40-1 de la loi n\u00b0 78-17 du 6 janvier 1978 relative \u00e0 l\u2019informatique, aux fichiers et aux libert\u00e9s.<\/p>\n<p>Vous disposez du droit d\u2019introduire une r\u00e9clamation aupr\u00e8s de l\u2019autorit\u00e9 de contr\u00f4le comp\u00e9tente. L\u2019autorit\u00e9 de contr\u00f4le dont rel\u00e8ve la soci\u00e9t\u00e9 iObeya est la CNIL (<a href=\"http:\/\/www.cnil.fr\/\" target=\"_blank\" rel=\"noopener\">www.cnil.fr<\/a>).<\/p><\/div><\/div><\/div><\/div><\/div><\/div><\/div><\/div>","protected":false},"excerpt":{"rendered":"<p>Traitement de vos donn\u00e9es \u00e0 caract\u00e8re personnel Responsable de traitement Dans le cadre de la cr\u00e9ation de votre Compte d\u2019Utilisateur iObeya et de l\u2019utilisation de nos services, vos donn\u00e9es personnelles font l&rsquo;objet d\u2019un traitement informatis\u00e9 par la soci\u00e9t\u00e9 iObeya. Responsable de traitement : iObeya, 1 rue Galvani, B\u00e2timent D, 91300 MASSY, France D\u00e9l\u00e9gu\u00e9 \u00e0 la [&hellip;]<\/p>\n","protected":false},"author":1,"featured_media":0,"parent":0,"menu_order":0,"comment_status":"closed","ping_status":"closed","template":"","meta":{"inline_featured_image":false,"__cvm_playback_settings":[],"__cvm_video_id":"","iawp_total_views":103,"footnotes":""},"class_list":["post-2580","page","type-page","status-publish","hentry"],"yoast_head":"<!-- This site is optimized with the Yoast SEO plugin v21.5 - https:\/\/yoast.com\/wordpress\/plugins\/seo\/ -->\n<title>Politique de confidentialit\u00e9 - Resource Center<\/title>\n<meta name=\"robots\" content=\"index, follow, max-snippet:-1, max-image-preview:large, max-video-preview:-1\" \/>\n<link rel=\"canonical\" href=\"https:\/\/center.iobeya.com\/fr\/politique-de-confidentialite\/\" \/>\n<meta property=\"og:locale\" content=\"fr_FR\" \/>\n<meta property=\"og:type\" content=\"article\" \/>\n<meta property=\"og:title\" content=\"Politique de confidentialit\u00e9 - Resource Center\" \/>\n<meta property=\"og:description\" content=\"Traitement de vos donn\u00e9es \u00e0 caract\u00e8re personnel Responsable de traitement Dans le cadre de la cr\u00e9ation de votre Compte d\u2019Utilisateur iObeya et de l\u2019utilisation de nos services, vos donn\u00e9es personnelles font l&#039;objet d\u2019un traitement informatis\u00e9 par la soci\u00e9t\u00e9 iObeya. Responsable de traitement : iObeya, 1 rue Galvani, B\u00e2timent D, 91300 MASSY, France D\u00e9l\u00e9gu\u00e9 \u00e0 la [&hellip;]\" \/>\n<meta property=\"og:url\" content=\"https:\/\/center.iobeya.com\/fr\/politique-de-confidentialite\/\" \/>\n<meta property=\"og:site_name\" content=\"Resource Center\" \/>\n<meta property=\"article:modified_time\" content=\"2022-05-06T13:07:34+00:00\" \/>\n<meta name=\"twitter:card\" content=\"summary_large_image\" \/>\n<meta name=\"twitter:label1\" content=\"Dur\u00e9e de lecture estim\u00e9e\" \/>\n\t<meta name=\"twitter:data1\" content=\"5 minutes\" \/>\n<script type=\"application\/ld+json\" class=\"yoast-schema-graph\">{\"@context\":\"https:\/\/schema.org\",\"@graph\":[{\"@type\":\"WebPage\",\"@id\":\"https:\/\/center.iobeya.com\/fr\/politique-de-confidentialite\/\",\"url\":\"https:\/\/center.iobeya.com\/fr\/politique-de-confidentialite\/\",\"name\":\"Politique de confidentialit\u00e9 - Resource Center\",\"isPartOf\":{\"@id\":\"https:\/\/center.iobeya.com\/fr\/#website\"},\"datePublished\":\"2022-01-16T23:14:24+00:00\",\"dateModified\":\"2022-05-06T13:07:34+00:00\",\"breadcrumb\":{\"@id\":\"https:\/\/center.iobeya.com\/fr\/politique-de-confidentialite\/#breadcrumb\"},\"inLanguage\":\"fr-FR\",\"potentialAction\":[{\"@type\":\"ReadAction\",\"target\":[\"https:\/\/center.iobeya.com\/fr\/politique-de-confidentialite\/\"]}]},{\"@type\":\"BreadcrumbList\",\"@id\":\"https:\/\/center.iobeya.com\/fr\/politique-de-confidentialite\/#breadcrumb\",\"itemListElement\":[{\"@type\":\"ListItem\",\"position\":1,\"name\":\"Home\",\"item\":\"https:\/\/center.iobeya.com\/fr\/\"},{\"@type\":\"ListItem\",\"position\":2,\"name\":\"Politique de confidentialit\u00e9\"}]},{\"@type\":\"WebSite\",\"@id\":\"https:\/\/center.iobeya.com\/fr\/#website\",\"url\":\"https:\/\/center.iobeya.com\/fr\/\",\"name\":\"Resource Center\",\"description\":\"\",\"publisher\":{\"@id\":\"https:\/\/center.iobeya.com\/fr\/#organization\"},\"potentialAction\":[{\"@type\":\"SearchAction\",\"target\":{\"@type\":\"EntryPoint\",\"urlTemplate\":\"https:\/\/center.iobeya.com\/fr\/?s={search_term_string}\"},\"query-input\":\"required name=search_term_string\"}],\"inLanguage\":\"fr-FR\"},{\"@type\":\"Organization\",\"@id\":\"https:\/\/center.iobeya.com\/fr\/#organization\",\"name\":\"Resource Center\",\"url\":\"https:\/\/center.iobeya.com\/fr\/\",\"logo\":{\"@type\":\"ImageObject\",\"inLanguage\":\"fr-FR\",\"@id\":\"https:\/\/center.iobeya.com\/fr\/#\/schema\/logo\/image\/\",\"url\":\"https:\/\/center.iobeya.com\/wp-content\/uploads\/2021\/12\/logo-iobeya-rc-black-1@3x-1.png\",\"contentUrl\":\"https:\/\/center.iobeya.com\/wp-content\/uploads\/2021\/12\/logo-iobeya-rc-black-1@3x-1.png\",\"width\":550,\"height\":150,\"caption\":\"Resource Center\"},\"image\":{\"@id\":\"https:\/\/center.iobeya.com\/fr\/#\/schema\/logo\/image\/\"}}]}<\/script>\n<!-- \/ Yoast SEO plugin. -->","yoast_head_json":{"title":"Politique de confidentialit\u00e9 - Resource Center","robots":{"index":"index","follow":"follow","max-snippet":"max-snippet:-1","max-image-preview":"max-image-preview:large","max-video-preview":"max-video-preview:-1"},"canonical":"https:\/\/center.iobeya.com\/fr\/politique-de-confidentialite\/","og_locale":"fr_FR","og_type":"article","og_title":"Politique de confidentialit\u00e9 - Resource Center","og_description":"Traitement de vos donn\u00e9es \u00e0 caract\u00e8re personnel Responsable de traitement Dans le cadre de la cr\u00e9ation de votre Compte d\u2019Utilisateur iObeya et de l\u2019utilisation de nos services, vos donn\u00e9es personnelles font l'objet d\u2019un traitement informatis\u00e9 par la soci\u00e9t\u00e9 iObeya. Responsable de traitement : iObeya, 1 rue Galvani, B\u00e2timent D, 91300 MASSY, France D\u00e9l\u00e9gu\u00e9 \u00e0 la [&hellip;]","og_url":"https:\/\/center.iobeya.com\/fr\/politique-de-confidentialite\/","og_site_name":"Resource Center","article_modified_time":"2022-05-06T13:07:34+00:00","twitter_card":"summary_large_image","twitter_misc":{"Dur\u00e9e de lecture estim\u00e9e":"5 minutes"},"schema":{"@context":"https:\/\/schema.org","@graph":[{"@type":"WebPage","@id":"https:\/\/center.iobeya.com\/fr\/politique-de-confidentialite\/","url":"https:\/\/center.iobeya.com\/fr\/politique-de-confidentialite\/","name":"Politique de confidentialit\u00e9 - Resource Center","isPartOf":{"@id":"https:\/\/center.iobeya.com\/fr\/#website"},"datePublished":"2022-01-16T23:14:24+00:00","dateModified":"2022-05-06T13:07:34+00:00","breadcrumb":{"@id":"https:\/\/center.iobeya.com\/fr\/politique-de-confidentialite\/#breadcrumb"},"inLanguage":"fr-FR","potentialAction":[{"@type":"ReadAction","target":["https:\/\/center.iobeya.com\/fr\/politique-de-confidentialite\/"]}]},{"@type":"BreadcrumbList","@id":"https:\/\/center.iobeya.com\/fr\/politique-de-confidentialite\/#breadcrumb","itemListElement":[{"@type":"ListItem","position":1,"name":"Home","item":"https:\/\/center.iobeya.com\/fr\/"},{"@type":"ListItem","position":2,"name":"Politique de confidentialit\u00e9"}]},{"@type":"WebSite","@id":"https:\/\/center.iobeya.com\/fr\/#website","url":"https:\/\/center.iobeya.com\/fr\/","name":"Resource Center","description":"","publisher":{"@id":"https:\/\/center.iobeya.com\/fr\/#organization"},"potentialAction":[{"@type":"SearchAction","target":{"@type":"EntryPoint","urlTemplate":"https:\/\/center.iobeya.com\/fr\/?s={search_term_string}"},"query-input":"required name=search_term_string"}],"inLanguage":"fr-FR"},{"@type":"Organization","@id":"https:\/\/center.iobeya.com\/fr\/#organization","name":"Resource Center","url":"https:\/\/center.iobeya.com\/fr\/","logo":{"@type":"ImageObject","inLanguage":"fr-FR","@id":"https:\/\/center.iobeya.com\/fr\/#\/schema\/logo\/image\/","url":"https:\/\/center.iobeya.com\/wp-content\/uploads\/2021\/12\/logo-iobeya-rc-black-1@3x-1.png","contentUrl":"https:\/\/center.iobeya.com\/wp-content\/uploads\/2021\/12\/logo-iobeya-rc-black-1@3x-1.png","width":550,"height":150,"caption":"Resource Center"},"image":{"@id":"https:\/\/center.iobeya.com\/fr\/#\/schema\/logo\/image\/"}}]}},"_links":{"self":[{"href":"https:\/\/center.iobeya.com\/fr\/wp-json\/wp\/v2\/pages\/2580","targetHints":{"allow":["GET"]}}],"collection":[{"href":"https:\/\/center.iobeya.com\/fr\/wp-json\/wp\/v2\/pages"}],"about":[{"href":"https:\/\/center.iobeya.com\/fr\/wp-json\/wp\/v2\/types\/page"}],"author":[{"embeddable":true,"href":"https:\/\/center.iobeya.com\/fr\/wp-json\/wp\/v2\/users\/1"}],"replies":[{"embeddable":true,"href":"https:\/\/center.iobeya.com\/fr\/wp-json\/wp\/v2\/comments?post=2580"}],"version-history":[{"count":7,"href":"https:\/\/center.iobeya.com\/fr\/wp-json\/wp\/v2\/pages\/2580\/revisions"}],"predecessor-version":[{"id":5182,"href":"https:\/\/center.iobeya.com\/fr\/wp-json\/wp\/v2\/pages\/2580\/revisions\/5182"}],"wp:attachment":[{"href":"https:\/\/center.iobeya.com\/fr\/wp-json\/wp\/v2\/media?parent=2580"}],"curies":[{"name":"wp","href":"https:\/\/api.w.org\/{rel}","templated":true}]}}