{"id":10016,"date":"2023-03-08T19:09:01","date_gmt":"2023-03-08T18:09:01","guid":{"rendered":"https:\/\/center.iobeya.com\/?page_id=10016"},"modified":"2024-10-07T10:06:03","modified_gmt":"2024-10-07T08:06:03","slug":"integration-showcase","status":"publish","type":"page","link":"https:\/\/center.iobeya.com\/fr\/integrations\/integration-showcase\/","title":{"rendered":"Articles showcase int\u00e9grations"},"content":{"rendered":"<p class=\"attachment\"><a href='https:\/\/center.iobeya.com\/wp-content\/uploads\/2024\/03\/ExcelQCDFormat.png'><img loading=\"lazy\" decoding=\"async\" width=\"300\" height=\"189\" src=\"https:\/\/center.iobeya.com\/wp-content\/uploads\/2024\/03\/ExcelQCDFormat-300x189.png\" class=\"attachment-medium size-medium\" alt=\"\" srcset=\"https:\/\/center.iobeya.com\/wp-content\/uploads\/2024\/03\/ExcelQCDFormat-300x189.png 300w, https:\/\/center.iobeya.com\/wp-content\/uploads\/2024\/03\/ExcelQCDFormat-768x483.png 768w, https:\/\/center.iobeya.com\/wp-content\/uploads\/2024\/03\/ExcelQCDFormat-320x201.png 320w, https:\/\/center.iobeya.com\/wp-content\/uploads\/2024\/03\/ExcelQCDFormat-480x302.png 480w, https:\/\/center.iobeya.com\/wp-content\/uploads\/2024\/03\/ExcelQCDFormat-800x503.png 800w, https:\/\/center.iobeya.com\/wp-content\/uploads\/2024\/03\/ExcelQCDFormat-573x360.png 573w, https:\/\/center.iobeya.com\/wp-content\/uploads\/2024\/03\/ExcelQCDFormat-111x70.png 111w, https:\/\/center.iobeya.com\/wp-content\/uploads\/2024\/03\/ExcelQCDFormat.png 864w\" sizes=\"auto, (max-width: 300px) 100vw, 300px\" \/><\/a><\/p>\n<div class=\"vce-row-container\" data-vce-boxed-width=\"true\"><div class=\"vce-row vce-row--col-gap-30 vce-row-equal-height vce-row-content--top\" id=\"el-e56b0858\" data-vce-do-apply=\"all el-e56b0858\"><div class=\"vce-row-content\" data-vce-element-content=\"true\"><div class=\"vce-col vce-col--md-auto vce-col--xs-1 vce-col--xs-last vce-col--xs-first vce-col--sm-last vce-col--sm-first vce-col--md-last vce-col--lg-last vce-col--xl-last vce-col--md-first vce-col--lg-first vce-col--xl-first\" id=\"el-5cc8abfe\"><div class=\"vce-col-inner\" data-vce-do-apply=\"border margin background  el-5cc8abfe\"><div class=\"vce-col-content\" data-vce-element-content=\"true\" data-vce-do-apply=\"padding el-5cc8abfe\"><div class=\"vce-shortcode link-breadcrumb\"><div class=\"vce-shortcode-wrapper vce\" id=\"el-71123753\" data-vce-do-apply=\"all el-71123753\"><span><span><a href=\"https:\/\/center.iobeya.com\/fr\/\">Home<\/a><\/span><\/span><\/div><\/div><\/div><\/div><\/div><\/div><\/div><\/div><div class=\"vce-row-container\" data-vce-boxed-width=\"true\"><div class=\"vce-row vce-row--col-gap-30 vce-row-equal-height vce-row-content--top\" id=\"el-0ff0134d\" data-vce-do-apply=\"all el-0ff0134d\"><div class=\"vce-content-background-container\"><\/div><div class=\"vce-row-content\" data-vce-element-content=\"true\"><div class=\"vce-col vce-col--md-auto vce-col--xs-1 vce-col--xs-last vce-col--xs-first vce-col--sm-last vce-col--sm-first vce-col--md-last vce-col--lg-last vce-col--xl-last vce-col--md-first vce-col--lg-first vce-col--xl-first\" id=\"el-b3b689c7\"><div class=\"vce-col-inner\" data-vce-do-apply=\"border margin background  el-b3b689c7\"><div class=\"vce-col-content\" data-vce-element-content=\"true\" data-vce-do-apply=\"padding el-b3b689c7\"><div class=\"vce-text-block title-page\"><div class=\"vce-text-block-wrapper vce\" id=\"el-51562a01\" data-vce-do-apply=\"all el-51562a01\"><h1>Articles showcase int\u00e9grations<\/h1><\/div><\/div><div class=\"vce-text-block title-page\"><div class=\"vce-text-block-wrapper vce\" id=\"el-31bf8341\" data-vce-do-apply=\"all el-31bf8341\"><p>Attention, vous ne trouverez sur cette page que les articles qui ont \u00e9t\u00e9 traduit en Fran\u00e7ais.<\/p><p>==&gt; <a href=\"https:\/\/center.iobeya.com\/integrations\/integration-showcase\/\">Cliquez ici pour acc\u00e9der \u00e0 l'int\u00e9gralit\u00e9 de nos articles en Anglais couvrant les sujets d'int\u00e9gration avec iObeya <\/a>(et ainsi basculer la langue du Resource Center en&nbsp; Anglais)<\/p><\/div><\/div><\/div><\/div><\/div><\/div><\/div><\/div><div class=\"vce-row-container\" data-vce-boxed-width=\"true\"><div class=\"vce-row vce-row--col-gap-30 vce-row-equal-height vce-row-content--top\" id=\"el-2b69e2d2\" data-vce-do-apply=\"all el-2b69e2d2\"><div class=\"vce-content-background-container\"><\/div><div class=\"vce-row-content\" data-vce-element-content=\"true\"><div class=\"vce-col vce-col--md-auto vce-col--xs-1 vce-col--xs-last vce-col--xs-first vce-col--sm-last vce-col--sm-first vce-col--md-last vce-col--lg-last vce-col--xl-last vce-col--md-first vce-col--lg-first vce-col--xl-first\" id=\"el-3ab2f0cd\"><div class=\"vce-col-inner\" data-vce-do-apply=\"border margin background  el-3ab2f0cd\"><div class=\"vce-col-content\" data-vce-element-content=\"true\" data-vce-do-apply=\"padding el-3ab2f0cd\"><div class=\"vce-shortcode\"><div class=\"vce-shortcode-wrapper vce\" id=\"el-be0a442c\" data-vce-do-apply=\"all el-be0a442c\"><!-- Gridbuilder \u1d42\u1d3e Plugin (https:\/\/wpgridbuilder.com) -->\n<div class=\"wp-grid-builder wpgb-grid-9\" data-options=\"{&quot;id&quot;:9,&quot;type&quot;:&quot;masonry&quot;,&quot;source&quot;:&quot;post_type&quot;,&quot;loader&quot;:0,&quot;layout&quot;:&quot;vertical&quot;,&quot;reveal&quot;:0,&quot;isMainQuery&quot;:0,&quot;lazyLoad&quot;:0,&quot;cardSizes&quot;:{&quot;9999&quot;:{&quot;columns&quot;:6,&quot;height&quot;:240,&quot;gutter&quot;:96,&quot;ratio&quot;:&quot;1.33333&quot;},&quot;1200&quot;:{&quot;columns&quot;:3,&quot;height&quot;:240,&quot;gutter&quot;:96,&quot;ratio&quot;:&quot;1.33333&quot;},&quot;992&quot;:{&quot;columns&quot;:3,&quot;height&quot;:220,&quot;gutter&quot;:96,&quot;ratio&quot;:&quot;1.33333&quot;},&quot;768&quot;:{&quot;columns&quot;:3,&quot;height&quot;:220,&quot;gutter&quot;:96,&quot;ratio&quot;:&quot;1.33333&quot;},&quot;576&quot;:{&quot;columns&quot;:2,&quot;height&quot;:200,&quot;gutter&quot;:80,&quot;ratio&quot;:&quot;1.33333&quot;},&quot;320&quot;:{&quot;columns&quot;:1,&quot;height&quot;:200,&quot;gutter&quot;:80,&quot;ratio&quot;:&quot;1.33333&quot;}},&quot;fitRows&quot;:1,&quot;equalRows&quot;:0,&quot;equalColumns&quot;:1,&quot;fillLastRow&quot;:0,&quot;centerLastRow&quot;:0,&quot;horizontalOrder&quot;:1,&quot;fullWidth&quot;:0,&quot;transitionDelay&quot;:100,&quot;gallerySlideshow&quot;:0,&quot;rowsNumber&quot;:1,&quot;slideAlign&quot;:&quot;left&quot;,&quot;groupCells&quot;:1,&quot;draggable&quot;:1,&quot;initialIndex&quot;:0,&quot;contain&quot;:0,&quot;freeScroll&quot;:0,&quot;freeFriction&quot;:&quot;0.075&quot;,&quot;friction&quot;:&quot;0.285&quot;,&quot;attraction&quot;:&quot;0.025&quot;,&quot;autoPlay&quot;:0,&quot;pageDotAriaLabel&quot;:&quot;Point de page %d&quot;,&quot;isPreview&quot;:false,&quot;isGutenberg&quot;:false,&quot;rightToLeft&quot;:false}\"><div class=\"wpgb-svg-icons\" hidden>\n\t<svg viewBox=\"0 0 120 24\" width=\"0\" height=\"0\">\n\t<defs>\n        <polygon id=\"wpgb-star-svg\" points=\"12 2.5 15.1 8.8 22 9.8 17 14.6 18.2 21.5 12 18.3 5.8 21.5 7 14.6 2 9.8 8.9 8.8\"><\/polygon>\n    <\/defs>\n    <symbol id=\"wpgb-rating-stars-svg\">\n        <use xlink:href=\"#wpgb-star-svg\"><\/use>\n        <use xlink:href=\"#wpgb-star-svg\" x=\"24\"><\/use>\n        <use xlink:href=\"#wpgb-star-svg\" x=\"48\"><\/use>\n        <use xlink:href=\"#wpgb-star-svg\" x=\"72\"><\/use>\n        <use xlink:href=\"#wpgb-star-svg\" x=\"96\"><\/use>\n    <\/symbol>\n<\/svg>\n<\/div>\n<div class=\"wpgb-wrapper\">\n\t<div class=\"wpgb-main\">\n\t<div class=\"wpgb-layout\">\n\t<div class=\"wpgb-viewport\">\n\t\t<div class=\"wpgb-masonry\">\n\t\t\t<article class=\"wpgb-card wpgb-card-11 wpgb-post-14703\" data-col=\"2\" data-row=\"1\" data-format=\"standard\" data-fluid><div class=\"wpgb-card-wrapper\"><div class=\"wpgb-card-inner\"><div class=\"wpgb-card-media wpgb-scheme-light\" data-action><svg data-ratio style=\"padding-top:26.78%\" viewBox=\"0 0 1352 362\"><\/svg><div class=\"wpgb-card-media-thumbnail\"><a href=\"https:\/\/center.iobeya.com\/wp-content\/uploads\/2024\/07\/showcase-sap-integration-with-iobeya-588x157.png\" tabindex=\"-1\" class=\"wpgb-handle-lb wpgb-lightbox\" data-type=\"image\" data-rel=\"9\" data-title=\"showcase-sap-integration-with-iobeya\" title=\"Agrandir la photo\"><div style=\"background-image:url(https:\/\/center.iobeya.com\/wp-content\/uploads\/2024\/07\/showcase-sap-integration-with-iobeya.png)\"><\/div><noscript><img class=\"wpgb-noscript-img\" src=\"https:\/\/center.iobeya.com\/wp-content\/uploads\/2024\/07\/showcase-sap-integration-with-iobeya.png\" alt=\"Image showing the flow and power of integrating SAP with iObeya to enhance business efficiency with digital visual management.\" height=\"362\" width=\"1352\"><\/noscript><\/a><a class=\"wpgb-card-layer-link\" href=\"https:\/\/center.iobeya.com\/fr\/integration-articles\/integration-diobeya-avec-sap-pour-ameliorer-lefficacite-operationnelle\/\"><\/a><\/div><a class=\"wpgb-card-layer-link\" href=\"https:\/\/center.iobeya.com\/fr\/integration-articles\/integration-diobeya-avec-sap-pour-ameliorer-lefficacite-operationnelle\/\"><\/a><\/div><div class=\"wpgb-card-content wpgb-scheme-dark\"><div class=\"wpgb-card-body\"><h2 class=\"wpgb-block-1 wpgb-hover-accent-1\"><a href=\"https:\/\/center.iobeya.com\/fr\/integration-articles\/integration-diobeya-avec-sap-pour-ameliorer-lefficacite-operationnelle\/\">Int\u00e9gration d&#039;iObeya avec SAP pour am\u00e9liorer l&#039;efficacit\u00e9 op\u00e9rationnelle<\/a><\/h2><\/div><\/div><\/div><\/div><\/article><article class=\"wpgb-card wpgb-card-11 wpgb-post-14388\" data-col=\"2\" data-row=\"1\" data-format=\"standard\" data-fluid><div class=\"wpgb-card-wrapper\"><div class=\"wpgb-card-inner\"><div class=\"wpgb-card-media wpgb-scheme-light\" data-action><svg data-ratio style=\"padding-top:62.85%\" viewBox=\"0 0 864 543\"><\/svg><div class=\"wpgb-card-media-thumbnail\"><a href=\"https:\/\/center.iobeya.com\/wp-content\/uploads\/2024\/03\/ExcelQCDFormat-573x360.png\" tabindex=\"-1\" class=\"wpgb-handle-lb wpgb-lightbox\" data-type=\"image\" data-rel=\"9\" data-title=\"ExcelQCDFormat\" title=\"Agrandir la photo\"><div style=\"background-image:url(https:\/\/center.iobeya.com\/wp-content\/uploads\/2024\/03\/ExcelQCDFormat.png)\"><\/div><noscript><img class=\"wpgb-noscript-img\" src=\"https:\/\/center.iobeya.com\/wp-content\/uploads\/2024\/03\/ExcelQCDFormat.png\" alt=\"\" height=\"543\" width=\"864\"><\/noscript><\/a><a class=\"wpgb-card-layer-link\" href=\"https:\/\/center.iobeya.com\/fr\/integration-articles\/formater-un-fichier-excel-pour-qcd\/\"><\/a><\/div><a class=\"wpgb-card-layer-link\" href=\"https:\/\/center.iobeya.com\/fr\/integration-articles\/formater-un-fichier-excel-pour-qcd\/\"><\/a><\/div><div class=\"wpgb-card-content wpgb-scheme-dark\"><div class=\"wpgb-card-body\"><h2 class=\"wpgb-block-1 wpgb-hover-accent-1\"><a href=\"https:\/\/center.iobeya.com\/fr\/integration-articles\/formater-un-fichier-excel-pour-qcd\/\">Formater un fichier Excel pour QCD<\/a><\/h2><\/div><\/div><\/div><\/div><\/article>\t\t<\/div>\n\t<\/div>\n\t<\/div>\n\t<\/div>\n\t\t<\/div>\n<\/div>\n<\/div><\/div><\/div><\/div><\/div><\/div><\/div><\/div>","protected":false},"excerpt":{"rendered":"<p>Attention, vous ne trouverez sur cette page que les articles qui ont \u00e9t\u00e9 traduit en Fran\u00e7ais.==&gt; Cliquez ici pour acc\u00e9der \u00e0 l&rsquo;int\u00e9gralit\u00e9 de nos articles en Anglais couvrant les sujets d&rsquo;int\u00e9gration avec iObeya (et ainsi basculer la langue du Resource Center en&nbsp; Anglais)<\/p>\n","protected":false},"author":9,"featured_media":0,"parent":6680,"menu_order":0,"comment_status":"closed","ping_status":"closed","template":"","meta":{"inline_featured_image":false,"__cvm_playback_settings":[],"__cvm_video_id":"","iawp_total_views":101,"footnotes":""},"class_list":["post-10016","page","type-page","status-publish","hentry"],"yoast_head":"<!-- This site is optimized with the Yoast SEO plugin v21.5 - https:\/\/yoast.com\/wordpress\/plugins\/seo\/ -->\n<title>Articles showcase int\u00e9grations - Resource Center<\/title>\n<meta name=\"robots\" content=\"index, follow, max-snippet:-1, max-image-preview:large, max-video-preview:-1\" \/>\n<link rel=\"canonical\" href=\"https:\/\/center.iobeya.com\/fr\/integrations\/integration-showcase\/\" \/>\n<meta property=\"og:locale\" content=\"fr_FR\" \/>\n<meta property=\"og:type\" content=\"article\" \/>\n<meta property=\"og:title\" content=\"Articles showcase int\u00e9grations - Resource Center\" \/>\n<meta property=\"og:description\" content=\"Attention, vous ne trouverez sur cette page que les articles qui ont \u00e9t\u00e9 traduit en Fran\u00e7ais.==&gt; Cliquez ici pour acc\u00e9der \u00e0 l&#039;int\u00e9gralit\u00e9 de nos articles en Anglais couvrant les sujets d&#039;int\u00e9gration avec iObeya (et ainsi basculer la langue du Resource Center en&nbsp; Anglais)\" \/>\n<meta property=\"og:url\" content=\"https:\/\/center.iobeya.com\/fr\/integrations\/integration-showcase\/\" \/>\n<meta property=\"og:site_name\" content=\"Resource Center\" \/>\n<meta property=\"article:modified_time\" content=\"2024-10-07T08:06:03+00:00\" \/>\n<meta name=\"twitter:card\" content=\"summary_large_image\" \/>\n<meta name=\"twitter:label1\" content=\"Dur\u00e9e de lecture estim\u00e9e\" \/>\n\t<meta name=\"twitter:data1\" content=\"1 minute\" \/>\n<script type=\"application\/ld+json\" class=\"yoast-schema-graph\">{\"@context\":\"https:\/\/schema.org\",\"@graph\":[{\"@type\":\"WebPage\",\"@id\":\"https:\/\/center.iobeya.com\/fr\/integrations\/integration-showcase\/\",\"url\":\"https:\/\/center.iobeya.com\/fr\/integrations\/integration-showcase\/\",\"name\":\"Articles showcase int\u00e9grations - Resource Center\",\"isPartOf\":{\"@id\":\"https:\/\/center.iobeya.com\/fr\/#website\"},\"datePublished\":\"2023-03-08T18:09:01+00:00\",\"dateModified\":\"2024-10-07T08:06:03+00:00\",\"breadcrumb\":{\"@id\":\"https:\/\/center.iobeya.com\/fr\/integrations\/integration-showcase\/#breadcrumb\"},\"inLanguage\":\"fr-FR\",\"potentialAction\":[{\"@type\":\"ReadAction\",\"target\":[\"https:\/\/center.iobeya.com\/fr\/integrations\/integration-showcase\/\"]}]},{\"@type\":\"BreadcrumbList\",\"@id\":\"https:\/\/center.iobeya.com\/fr\/integrations\/integration-showcase\/#breadcrumb\",\"itemListElement\":[{\"@type\":\"ListItem\",\"position\":1,\"name\":\"Home\",\"item\":\"https:\/\/center.iobeya.com\/fr\/\"},{\"@type\":\"ListItem\",\"position\":2,\"name\":\"Integrations\",\"item\":\"https:\/\/center.iobeya.com\/fr\/integrations\/\"},{\"@type\":\"ListItem\",\"position\":3,\"name\":\"Articles showcase int\u00e9grations\"}]},{\"@type\":\"WebSite\",\"@id\":\"https:\/\/center.iobeya.com\/fr\/#website\",\"url\":\"https:\/\/center.iobeya.com\/fr\/\",\"name\":\"Resource Center\",\"description\":\"\",\"publisher\":{\"@id\":\"https:\/\/center.iobeya.com\/fr\/#organization\"},\"potentialAction\":[{\"@type\":\"SearchAction\",\"target\":{\"@type\":\"EntryPoint\",\"urlTemplate\":\"https:\/\/center.iobeya.com\/fr\/?s={search_term_string}\"},\"query-input\":\"required name=search_term_string\"}],\"inLanguage\":\"fr-FR\"},{\"@type\":\"Organization\",\"@id\":\"https:\/\/center.iobeya.com\/fr\/#organization\",\"name\":\"Resource Center\",\"url\":\"https:\/\/center.iobeya.com\/fr\/\",\"logo\":{\"@type\":\"ImageObject\",\"inLanguage\":\"fr-FR\",\"@id\":\"https:\/\/center.iobeya.com\/fr\/#\/schema\/logo\/image\/\",\"url\":\"https:\/\/center.iobeya.com\/wp-content\/uploads\/2021\/12\/logo-iobeya-rc-black-1@3x-1.png\",\"contentUrl\":\"https:\/\/center.iobeya.com\/wp-content\/uploads\/2021\/12\/logo-iobeya-rc-black-1@3x-1.png\",\"width\":550,\"height\":150,\"caption\":\"Resource Center\"},\"image\":{\"@id\":\"https:\/\/center.iobeya.com\/fr\/#\/schema\/logo\/image\/\"}}]}<\/script>\n<!-- \/ Yoast SEO plugin. -->","yoast_head_json":{"title":"Articles showcase int\u00e9grations - Resource Center","robots":{"index":"index","follow":"follow","max-snippet":"max-snippet:-1","max-image-preview":"max-image-preview:large","max-video-preview":"max-video-preview:-1"},"canonical":"https:\/\/center.iobeya.com\/fr\/integrations\/integration-showcase\/","og_locale":"fr_FR","og_type":"article","og_title":"Articles showcase int\u00e9grations - Resource Center","og_description":"Attention, vous ne trouverez sur cette page que les articles qui ont \u00e9t\u00e9 traduit en Fran\u00e7ais.==&gt; Cliquez ici pour acc\u00e9der \u00e0 l'int\u00e9gralit\u00e9 de nos articles en Anglais couvrant les sujets d'int\u00e9gration avec iObeya (et ainsi basculer la langue du Resource Center en&nbsp; Anglais)","og_url":"https:\/\/center.iobeya.com\/fr\/integrations\/integration-showcase\/","og_site_name":"Resource Center","article_modified_time":"2024-10-07T08:06:03+00:00","twitter_card":"summary_large_image","twitter_misc":{"Dur\u00e9e de lecture estim\u00e9e":"1 minute"},"schema":{"@context":"https:\/\/schema.org","@graph":[{"@type":"WebPage","@id":"https:\/\/center.iobeya.com\/fr\/integrations\/integration-showcase\/","url":"https:\/\/center.iobeya.com\/fr\/integrations\/integration-showcase\/","name":"Articles showcase int\u00e9grations - Resource Center","isPartOf":{"@id":"https:\/\/center.iobeya.com\/fr\/#website"},"datePublished":"2023-03-08T18:09:01+00:00","dateModified":"2024-10-07T08:06:03+00:00","breadcrumb":{"@id":"https:\/\/center.iobeya.com\/fr\/integrations\/integration-showcase\/#breadcrumb"},"inLanguage":"fr-FR","potentialAction":[{"@type":"ReadAction","target":["https:\/\/center.iobeya.com\/fr\/integrations\/integration-showcase\/"]}]},{"@type":"BreadcrumbList","@id":"https:\/\/center.iobeya.com\/fr\/integrations\/integration-showcase\/#breadcrumb","itemListElement":[{"@type":"ListItem","position":1,"name":"Home","item":"https:\/\/center.iobeya.com\/fr\/"},{"@type":"ListItem","position":2,"name":"Integrations","item":"https:\/\/center.iobeya.com\/fr\/integrations\/"},{"@type":"ListItem","position":3,"name":"Articles showcase int\u00e9grations"}]},{"@type":"WebSite","@id":"https:\/\/center.iobeya.com\/fr\/#website","url":"https:\/\/center.iobeya.com\/fr\/","name":"Resource Center","description":"","publisher":{"@id":"https:\/\/center.iobeya.com\/fr\/#organization"},"potentialAction":[{"@type":"SearchAction","target":{"@type":"EntryPoint","urlTemplate":"https:\/\/center.iobeya.com\/fr\/?s={search_term_string}"},"query-input":"required name=search_term_string"}],"inLanguage":"fr-FR"},{"@type":"Organization","@id":"https:\/\/center.iobeya.com\/fr\/#organization","name":"Resource Center","url":"https:\/\/center.iobeya.com\/fr\/","logo":{"@type":"ImageObject","inLanguage":"fr-FR","@id":"https:\/\/center.iobeya.com\/fr\/#\/schema\/logo\/image\/","url":"https:\/\/center.iobeya.com\/wp-content\/uploads\/2021\/12\/logo-iobeya-rc-black-1@3x-1.png","contentUrl":"https:\/\/center.iobeya.com\/wp-content\/uploads\/2021\/12\/logo-iobeya-rc-black-1@3x-1.png","width":550,"height":150,"caption":"Resource Center"},"image":{"@id":"https:\/\/center.iobeya.com\/fr\/#\/schema\/logo\/image\/"}}]}},"_links":{"self":[{"href":"https:\/\/center.iobeya.com\/fr\/wp-json\/wp\/v2\/pages\/10016","targetHints":{"allow":["GET"]}}],"collection":[{"href":"https:\/\/center.iobeya.com\/fr\/wp-json\/wp\/v2\/pages"}],"about":[{"href":"https:\/\/center.iobeya.com\/fr\/wp-json\/wp\/v2\/types\/page"}],"author":[{"embeddable":true,"href":"https:\/\/center.iobeya.com\/fr\/wp-json\/wp\/v2\/users\/9"}],"replies":[{"embeddable":true,"href":"https:\/\/center.iobeya.com\/fr\/wp-json\/wp\/v2\/comments?post=10016"}],"version-history":[{"count":16,"href":"https:\/\/center.iobeya.com\/fr\/wp-json\/wp\/v2\/pages\/10016\/revisions"}],"predecessor-version":[{"id":14729,"href":"https:\/\/center.iobeya.com\/fr\/wp-json\/wp\/v2\/pages\/10016\/revisions\/14729"}],"up":[{"embeddable":true,"href":"https:\/\/center.iobeya.com\/fr\/wp-json\/wp\/v2\/pages\/6680"}],"wp:attachment":[{"href":"https:\/\/center.iobeya.com\/fr\/wp-json\/wp\/v2\/media?parent=10016"}],"curies":[{"name":"wp","href":"https:\/\/api.w.org\/{rel}","templated":true}]}}